{"id":3347,"date":"2020-05-14T14:17:38","date_gmt":"2020-05-14T12:17:38","guid":{"rendered":"http:\/\/sexpositions.club\/pt\/?page_id=3347"},"modified":"2021-06-08T16:46:27","modified_gmt":"2021-06-08T14:46:27","slug":"termos-de-uso-das-imagens","status":"publish","type":"page","link":"https:\/\/sexpositions.club\/pt\/termos-de-uso-das-imagens","title":{"rendered":"Termos de uso das imagens"},"content":{"rendered":"<p>Estes termos e condi\u00e7\u00f5es se aplicam a <strong>websites<\/strong> e <strong> Canais de YouTube<\/strong> que desejam usar nossas imagens de posi\u00e7\u00f5es sexuais em seus artigos ou v\u00eddeos.<\/p>\n<p><span style=\"color: #ff0000;\">Todo material (textos e imagens) \u00e9 protegido por direitos autorais. Voc\u00ea pode usar nossas imagens em seu website ou v\u00eddeo Youtube sob as seguintes condi\u00e7\u00f5es:<\/span><\/p>\n<h3>1. salvar marcas d&#8217;\u00e1gua em imagens<\/h3>\n<p>Voc\u00ea deve utilizar as imagens conforme s\u00e3o publicadas no site fonte (com todas as marcas d&#8217;\u00e1gua).<\/p>\n<p><span itemprop=\"image\" itemscope itemtype=\"https:\/\/schema.org\/ImageObject\"><img itemprop=\"url image\" loading=\"lazy\" decoding=\"async\" class=\"size-full wp-image-3428 aligncenter\" src=\"https:\/\/sexpositions.club\/pt\/wp-content\/uploads\/sites\/4\/2021\/02\/wotermark.png\" alt=\"\" width=\"500\" height=\"384\" srcset=\"https:\/\/sexpositions.club\/pt\/wp-content\/uploads\/sites\/4\/2021\/02\/wotermark.png 500w, https:\/\/sexpositions.club\/pt\/wp-content\/uploads\/sites\/4\/2021\/02\/wotermark-350x269.png 350w, https:\/\/sexpositions.club\/pt\/wp-content\/uploads\/sites\/4\/2021\/02\/wotermark-150x115.png 150w\" sizes=\"auto, (max-width: 500px) 100vw, 500px\" \/><meta itemprop=\"width\" content=\"500\"><meta itemprop=\"height\" content=\"384\"><\/span><\/p>\n<h3>2. n\u00e3o mais de 7 imagens em um artigo ou v\u00eddeo<\/h3>\n<p>Voc\u00ea pode usar at\u00e9 7 imagens em um artigo ou v\u00eddeo. Neste caso, nossas imagens n\u00e3o devem ser o conte\u00fado principal, mas complementares ao conte\u00fado principal (o seu). Se voc\u00ea quiser mais, por favor, <a href=\"https:\/\/sexpositions.club\/pt\/para-os-usuarios\/contato\">contacte-nos<\/a>.<\/p>\n<p><span itemprop=\"image\" itemscope itemtype=\"https:\/\/schema.org\/ImageObject\"><img itemprop=\"url image\" loading=\"lazy\" decoding=\"async\" class=\"aligncenter size-full wp-image-3429\" src=\"https:\/\/sexpositions.club\/pt\/wp-content\/uploads\/sites\/4\/2021\/02\/add-your-content.png\" alt=\"\" width=\"500\" height=\"700\" srcset=\"https:\/\/sexpositions.club\/pt\/wp-content\/uploads\/sites\/4\/2021\/02\/add-your-content.png 500w, https:\/\/sexpositions.club\/pt\/wp-content\/uploads\/sites\/4\/2021\/02\/add-your-content-350x490.png 350w, https:\/\/sexpositions.club\/pt\/wp-content\/uploads\/sites\/4\/2021\/02\/add-your-content-150x210.png 150w\" sizes=\"auto, (max-width: 500px) 100vw, 500px\" \/><meta itemprop=\"width\" content=\"500\"><meta itemprop=\"height\" content=\"700\"><\/span><\/p>\n<h3>3. \u00e9 necess\u00e1rio um link Dofollow para a fonte<\/h3>\n<p>Cada uma de nossas imagens utilizadas em um artigo em seu site deve ter um link dofollow para a fonte, ou seja, um link para a p\u00e1gina espec\u00edfica em nosso site onde a posi\u00e7\u00e3o sexual com descri\u00e7\u00e3o \u00e9 publicada. Veja abaixo 4 exemplos de como deve ser:<\/p>\n<p>1. Link do t\u00edtulo: quando voc\u00ea faz do t\u00edtulo um link.<br \/>\n2. Link de imagem &#8211; quando voc\u00ea faz de uma imagem um link.<br \/>\n3. Link sob imagem &#8211; quando voc\u00ea faz um link para a fonte sob a imagem.<br \/>\n4. Link na descri\u00e7\u00e3o ou no texto &#8211; quando voc\u00ea mencionar a posi\u00e7\u00e3o sexual na descri\u00e7\u00e3o (texto) e tornar o texto mencionado um link.<\/p>\n<p>Se voc\u00ea usar nossas imagens para seus v\u00eddeos do YouTube, voc\u00ea deve criar um link para a fonte na descri\u00e7\u00e3o de cada v\u00eddeo.<\/p>\n<p><span itemprop=\"image\" itemscope itemtype=\"https:\/\/schema.org\/ImageObject\"><img itemprop=\"url image\" loading=\"lazy\" decoding=\"async\" class=\"aligncenter size-full wp-image-3430\" src=\"https:\/\/sexpositions.club\/pt\/wp-content\/uploads\/sites\/4\/2021\/02\/link-location.png\" alt=\"\" width=\"500\" height=\"526\" srcset=\"https:\/\/sexpositions.club\/pt\/wp-content\/uploads\/sites\/4\/2021\/02\/link-location.png 500w, https:\/\/sexpositions.club\/pt\/wp-content\/uploads\/sites\/4\/2021\/02\/link-location-350x368.png 350w, https:\/\/sexpositions.club\/pt\/wp-content\/uploads\/sites\/4\/2021\/02\/link-location-150x158.png 150w\" sizes=\"auto, (max-width: 500px) 100vw, 500px\" \/><meta itemprop=\"width\" content=\"500\"><meta itemprop=\"height\" content=\"526\"><\/span><\/p>\n<h3>4. Link para nosso website (https:\/\/sexpositions.club\/pt\/)<\/h3>\n<p>Se voc\u00ea usar mais de uma imagem em um artigo em seu website, voc\u00ea deve criar um link (dofollow) para Sexpositions.club (https:\/\/sexpositions.club\/pt\/) no corpo do artigo ou no final do artigo.<\/p>\n<h4>&#8211; Liga\u00e7\u00e3o no corpo do artigo<\/h4>\n<p>Se voc\u00ea fizer um link no corpo do artigo, \u00e9 uma boa id\u00e9ia se referir a n\u00f3s atrav\u00e9s de um texto de \u00e2ncora:<\/p>\n<blockquote><p>&#8211; Posi\u00e7\u00f5es sexuais.<br \/>\n&#8211; As melhores posi\u00e7\u00f5es sexuais<br \/>\n&#8211; Sexpositions.Club<br \/>\n&#8211; Clube de Posi\u00e7\u00f5es Sexuais<br \/>\n&#8211; Site de posi\u00e7\u00f5es sexuais<br \/>\n&#8211; Guia de Posi\u00e7\u00f5es Sexuais<br \/>\n&#8211; Todas as posi\u00e7\u00f5es sexuais<\/p>\n<p>Um texto de \u00e2ncora contendo &#8220;posi\u00e7\u00f5es sexuais&#8221;<\/p><\/blockquote>\n<p><span itemprop=\"image\" itemscope itemtype=\"https:\/\/schema.org\/ImageObject\"><img itemprop=\"url image\" loading=\"lazy\" decoding=\"async\" class=\"aligncenter size-full wp-image-3433\" src=\"https:\/\/sexpositions.club\/pt\/wp-content\/uploads\/sites\/4\/2021\/02\/link-in-the-body.png\" alt=\"\" width=\"500\" height=\"350\" srcset=\"https:\/\/sexpositions.club\/pt\/wp-content\/uploads\/sites\/4\/2021\/02\/link-in-the-body.png 500w, https:\/\/sexpositions.club\/pt\/wp-content\/uploads\/sites\/4\/2021\/02\/link-in-the-body-350x245.png 350w, https:\/\/sexpositions.club\/pt\/wp-content\/uploads\/sites\/4\/2021\/02\/link-in-the-body-150x105.png 150w\" sizes=\"auto, (max-width: 500px) 100vw, 500px\" \/><meta itemprop=\"width\" content=\"500\"><meta itemprop=\"height\" content=\"350\"><\/span><\/p>\n<h4>&#8211; Link no final do artigo<\/h4>\n<p>Se voc\u00ea fizer um link no final de um artigo, voc\u00ea pode usar as seguintes op\u00e7\u00f5es de texto:<\/p>\n<blockquote><p>&#8211; As imagens s\u00e3o fornecidas pelo <a href=\"https:\/\/sexpositions.club\/pt\/\">Sexpositions.club<\/a>.<br \/>\n&#8211; O cat\u00e1logo completo de posi\u00e7\u00f5es sexuais pode ser visto em <a href=\"https:\/\/sexpositions.club\/pt\/\">Sexpositions.club<\/a>.<br \/>\n&#8211; <a href=\"https:\/\/sexpositions.club\/pt\/\">Sexpositions.club<\/a> &#8211; todas as posi\u00e7\u00f5es sexuais em um s\u00f3 lugar.<br \/>\n&#8211; <a href=\"https:\/\/sexpositions.club\/pt\/\">Sexpositions.club<\/a> &#8211; o guia mais abrangente de posi\u00e7\u00f5es sexuais.<\/p><\/blockquote>\n<p><span itemprop=\"image\" itemscope itemtype=\"https:\/\/schema.org\/ImageObject\"><img itemprop=\"url image\" loading=\"lazy\" decoding=\"async\" class=\"aligncenter size-full wp-image-3431\" src=\"https:\/\/sexpositions.club\/pt\/wp-content\/uploads\/sites\/4\/2021\/02\/link-in-the-end.png\" alt=\"\" width=\"500\" height=\"350\" srcset=\"https:\/\/sexpositions.club\/pt\/wp-content\/uploads\/sites\/4\/2021\/02\/link-in-the-end.png 500w, https:\/\/sexpositions.club\/pt\/wp-content\/uploads\/sites\/4\/2021\/02\/link-in-the-end-350x245.png 350w, https:\/\/sexpositions.club\/pt\/wp-content\/uploads\/sites\/4\/2021\/02\/link-in-the-end-150x105.png 150w\" sizes=\"auto, (max-width: 500px) 100vw, 500px\" \/><meta itemprop=\"width\" content=\"500\"><meta itemprop=\"height\" content=\"350\"><\/span><\/p>\n<p>Todos os outros casos de uso devem ser discutidos individualmente conosco. Se voc\u00ea tiver alguma d\u00favida, pode <a href=\"https:\/\/sexpositions.club\/pt\/para-os-usuarios\/contato\">escrever-nos aqui<\/a>.<\/p>\n","protected":false},"excerpt":{"rendered":"<p>Estes termos e condi\u00e7\u00f5es se aplicam a websites e Canais de YouTube que desejam usar nossas imagens de posi\u00e7\u00f5es sexuais em seus artigos ou v\u00eddeos. Todo material (textos e imagens) \u00e9 protegido por direitos autorais. Voc\u00ea pode usar nossas imagens em seu website ou v\u00eddeo Youtube sob as seguintes condi\u00e7\u00f5es: 1. salvar marcas d&#8217;\u00e1gua em [&hellip;]<\/p>\n","protected":false},"author":2,"featured_media":0,"parent":0,"menu_order":0,"comment_status":"closed","ping_status":"closed","template":"","meta":{"_acf_changed":false,"footnotes":""},"class_list":["post-3347","page","type-page","status-publish",""],"acf":[],"yoast_head":"<!-- This site is optimized with the Yoast SEO plugin v25.4 - https:\/\/yoast.com\/wordpress\/plugins\/seo\/ -->\n<title>C\u00f3mo utilizar las im\u00e1genes de Sexpositions.club en su sitio web | T\u00e9rminos y condiciones<\/title>\n<meta name=\"description\" content=\"Estos t\u00e9rminos y condiciones se aplican \u00fanicamente a los sitios web que desean utilizar im\u00e1genes de SexPositions.club en sus art\u00edculos.\" \/>\n<meta name=\"robots\" content=\"index, follow, max-snippet:-1, max-image-preview:large, max-video-preview:-1\" \/>\n<link rel=\"canonical\" href=\"https:\/\/sexpositions.club\/pt\/termos-de-uso-das-imagens\" \/>\n<meta property=\"og:locale\" content=\"pt_PT\" \/>\n<meta property=\"og:type\" content=\"article\" \/>\n<meta property=\"og:title\" content=\"C\u00f3mo utilizar las im\u00e1genes de Sexpositions.club en su sitio web | T\u00e9rminos y condiciones\" \/>\n<meta property=\"og:description\" content=\"Estos t\u00e9rminos y condiciones se aplican \u00fanicamente a los sitios web que desean utilizar im\u00e1genes de SexPositions.club en sus art\u00edculos.\" \/>\n<meta property=\"og:url\" content=\"https:\/\/sexpositions.club\/pt\/termos-de-uso-das-imagens\" \/>\n<meta property=\"og:site_name\" content=\"SexPositions.Club (pt)\" \/>\n<meta property=\"article:modified_time\" content=\"2021-06-08T14:46:27+00:00\" \/>\n<meta property=\"og:image\" content=\"https:\/\/sexpositions.club\/pt\/wp-content\/uploads\/sites\/4\/2021\/02\/wotermark.png\" \/>\n<meta name=\"twitter:card\" content=\"summary_large_image\" \/>\n<meta name=\"twitter:label1\" content=\"Tempo estimado de leitura\" \/>\n\t<meta name=\"twitter:data1\" content=\"3 minutos\" \/>\n<script type=\"application\/ld+json\" class=\"yoast-schema-graph\">{\"@context\":\"https:\/\/schema.org\",\"@graph\":[{\"@type\":\"WebPage\",\"@id\":\"https:\/\/sexpositions.club\/pt\/termos-de-uso-das-imagens\",\"url\":\"https:\/\/sexpositions.club\/pt\/termos-de-uso-das-imagens\",\"name\":\"C\u00f3mo utilizar las im\u00e1genes de Sexpositions.club en su sitio web | T\u00e9rminos y condiciones\",\"isPartOf\":{\"@id\":\"https:\/\/sexpositions.club\/pt\/#website\"},\"primaryImageOfPage\":{\"@id\":\"https:\/\/sexpositions.club\/pt\/termos-de-uso-das-imagens#primaryimage\"},\"image\":{\"@id\":\"https:\/\/sexpositions.club\/pt\/termos-de-uso-das-imagens#primaryimage\"},\"thumbnailUrl\":\"https:\/\/sexpositions.club\/pt\/wp-content\/uploads\/sites\/4\/2021\/02\/wotermark.png\",\"datePublished\":\"2020-05-14T12:17:38+00:00\",\"dateModified\":\"2021-06-08T14:46:27+00:00\",\"description\":\"Estos t\u00e9rminos y condiciones se aplican \u00fanicamente a los sitios web que desean utilizar im\u00e1genes de SexPositions.club en sus art\u00edculos.\",\"inLanguage\":\"pt-PT\",\"potentialAction\":[{\"@type\":\"ReadAction\",\"target\":[\"https:\/\/sexpositions.club\/pt\/termos-de-uso-das-imagens\"]}]},{\"@type\":\"ImageObject\",\"inLanguage\":\"pt-PT\",\"@id\":\"https:\/\/sexpositions.club\/pt\/termos-de-uso-das-imagens#primaryimage\",\"url\":\"https:\/\/sexpositions.club\/pt\/wp-content\/uploads\/sites\/4\/2021\/02\/wotermark.png\",\"contentUrl\":\"https:\/\/sexpositions.club\/pt\/wp-content\/uploads\/sites\/4\/2021\/02\/wotermark.png\",\"width\":500,\"height\":384},{\"@type\":\"WebSite\",\"@id\":\"https:\/\/sexpositions.club\/pt\/#website\",\"url\":\"https:\/\/sexpositions.club\/pt\/\",\"name\":\"SexPositions.Club (pt)\",\"description\":\"\",\"potentialAction\":[{\"@type\":\"SearchAction\",\"target\":{\"@type\":\"EntryPoint\",\"urlTemplate\":\"https:\/\/sexpositions.club\/pt\/?s={search_term_string}\"},\"query-input\":{\"@type\":\"PropertyValueSpecification\",\"valueRequired\":true,\"valueName\":\"search_term_string\"}}],\"inLanguage\":\"pt-PT\"}]}<\/script>\n<!-- \/ Yoast SEO plugin. -->","yoast_head_json":{"title":"C\u00f3mo utilizar las im\u00e1genes de Sexpositions.club en su sitio web | T\u00e9rminos y condiciones","description":"Estos t\u00e9rminos y condiciones se aplican \u00fanicamente a los sitios web que desean utilizar im\u00e1genes de SexPositions.club en sus art\u00edculos.","robots":{"index":"index","follow":"follow","max-snippet":"max-snippet:-1","max-image-preview":"max-image-preview:large","max-video-preview":"max-video-preview:-1"},"canonical":"https:\/\/sexpositions.club\/pt\/termos-de-uso-das-imagens","og_locale":"pt_PT","og_type":"article","og_title":"C\u00f3mo utilizar las im\u00e1genes de Sexpositions.club en su sitio web | T\u00e9rminos y condiciones","og_description":"Estos t\u00e9rminos y condiciones se aplican \u00fanicamente a los sitios web que desean utilizar im\u00e1genes de SexPositions.club en sus art\u00edculos.","og_url":"https:\/\/sexpositions.club\/pt\/termos-de-uso-das-imagens","og_site_name":"SexPositions.Club (pt)","article_modified_time":"2021-06-08T14:46:27+00:00","og_image":[{"url":"https:\/\/sexpositions.club\/pt\/wp-content\/uploads\/sites\/4\/2021\/02\/wotermark.png","type":"","width":"","height":""}],"twitter_card":"summary_large_image","twitter_misc":{"Tempo estimado de leitura":"3 minutos"},"schema":{"@context":"https:\/\/schema.org","@graph":[{"@type":"WebPage","@id":"https:\/\/sexpositions.club\/pt\/termos-de-uso-das-imagens","url":"https:\/\/sexpositions.club\/pt\/termos-de-uso-das-imagens","name":"C\u00f3mo utilizar las im\u00e1genes de Sexpositions.club en su sitio web | T\u00e9rminos y condiciones","isPartOf":{"@id":"https:\/\/sexpositions.club\/pt\/#website"},"primaryImageOfPage":{"@id":"https:\/\/sexpositions.club\/pt\/termos-de-uso-das-imagens#primaryimage"},"image":{"@id":"https:\/\/sexpositions.club\/pt\/termos-de-uso-das-imagens#primaryimage"},"thumbnailUrl":"https:\/\/sexpositions.club\/pt\/wp-content\/uploads\/sites\/4\/2021\/02\/wotermark.png","datePublished":"2020-05-14T12:17:38+00:00","dateModified":"2021-06-08T14:46:27+00:00","description":"Estos t\u00e9rminos y condiciones se aplican \u00fanicamente a los sitios web que desean utilizar im\u00e1genes de SexPositions.club en sus art\u00edculos.","inLanguage":"pt-PT","potentialAction":[{"@type":"ReadAction","target":["https:\/\/sexpositions.club\/pt\/termos-de-uso-das-imagens"]}]},{"@type":"ImageObject","inLanguage":"pt-PT","@id":"https:\/\/sexpositions.club\/pt\/termos-de-uso-das-imagens#primaryimage","url":"https:\/\/sexpositions.club\/pt\/wp-content\/uploads\/sites\/4\/2021\/02\/wotermark.png","contentUrl":"https:\/\/sexpositions.club\/pt\/wp-content\/uploads\/sites\/4\/2021\/02\/wotermark.png","width":500,"height":384},{"@type":"WebSite","@id":"https:\/\/sexpositions.club\/pt\/#website","url":"https:\/\/sexpositions.club\/pt\/","name":"SexPositions.Club (pt)","description":"","potentialAction":[{"@type":"SearchAction","target":{"@type":"EntryPoint","urlTemplate":"https:\/\/sexpositions.club\/pt\/?s={search_term_string}"},"query-input":{"@type":"PropertyValueSpecification","valueRequired":true,"valueName":"search_term_string"}}],"inLanguage":"pt-PT"}]}},"_links":{"self":[{"href":"https:\/\/sexpositions.club\/pt\/wp-json\/wp\/v2\/pages\/3347","targetHints":{"allow":["GET"]}}],"collection":[{"href":"https:\/\/sexpositions.club\/pt\/wp-json\/wp\/v2\/pages"}],"about":[{"href":"https:\/\/sexpositions.club\/pt\/wp-json\/wp\/v2\/types\/page"}],"author":[{"embeddable":true,"href":"https:\/\/sexpositions.club\/pt\/wp-json\/wp\/v2\/users\/2"}],"replies":[{"embeddable":true,"href":"https:\/\/sexpositions.club\/pt\/wp-json\/wp\/v2\/comments?post=3347"}],"version-history":[{"count":0,"href":"https:\/\/sexpositions.club\/pt\/wp-json\/wp\/v2\/pages\/3347\/revisions"}],"wp:attachment":[{"href":"https:\/\/sexpositions.club\/pt\/wp-json\/wp\/v2\/media?parent=3347"}],"curies":[{"name":"wp","href":"https:\/\/api.w.org\/{rel}","templated":true}]}}