{"id":1408,"date":"2016-04-22T12:21:49","date_gmt":"2016-04-22T10:21:49","guid":{"rendered":"http:\/\/sexpositions.club\/pt\/?page_id=1408"},"modified":"2021-06-05T07:22:34","modified_gmt":"2021-06-05T05:22:34","slug":"contato","status":"publish","type":"page","link":"https:\/\/sexpositions.club\/pt\/para-os-usuarios\/contato","title":{"rendered":"Contato"},"content":{"rendered":"<p><span itemprop=\"image\" itemscope itemtype=\"https:\/\/schema.org\/ImageObject\"><img itemprop=\"url image\" loading=\"lazy\" decoding=\"async\" class=\"aligncenter wp-image-1415 size-full\" src=\"https:\/\/sexpositions.club\/pt\/wp-content\/uploads\/sites\/4\/2016\/04\/for_users.jpg\" alt=\"Para usu\u00e1rios sexpositions.club\" width=\"625\" height=\"120\" srcset=\"https:\/\/sexpositions.club\/pt\/wp-content\/uploads\/sites\/4\/2016\/04\/for_users.jpg 625w, https:\/\/sexpositions.club\/pt\/wp-content\/uploads\/sites\/4\/2016\/04\/for_users-350x67.jpg 350w, https:\/\/sexpositions.club\/pt\/wp-content\/uploads\/sites\/4\/2016\/04\/for_users-150x29.jpg 150w\" sizes=\"auto, (max-width: 625px) 100vw, 625px\" \/><meta itemprop=\"width\" content=\"625\"><meta itemprop=\"height\" content=\"120\"><\/span>Se voc\u00ea tiver alguma pergunta para n\u00f3s, voc\u00ea pode faz\u00ea-la usando o formul\u00e1rio abaixo.<\/p>\n<p>Por favor note que ap\u00f3s clicar no bot\u00e3o &#8220;Submit&#8221;, seu e-mail ser\u00e1 enviado imediatamente, mesmo que as setas ainda estejam girando. Glitches tempor\u00e1rios)))<\/p>\n<hr \/>\n<p>[contact-form-7 id=&#8221;2756&#8243; title=&#8221;Contacto&#8221;]<\/p>\n<hr \/>\n<div class=\"post-tags\"><span id=\"tag_cat\">For Users: <a href=\"https:\/\/sexpositions.club\/pt\/para-os-usuarios\/termos-e-condicoes-de-uso\">Termos e condi\u00e7\u00f5es de uso<\/a> <a href=\"https:\/\/sexpositions.club\/pt\/para-os-usuarios\/politica-de-privacidade\">Pol\u00edtica de privacidade<\/a> <a href=\"https:\/\/sexpositions.club\/pt\/para-os-usuarios\/isencao-de-responsabilidade\">Isen\u00e7\u00e3o de responsabilidade<\/a><\/span><\/div>\n","protected":false},"excerpt":{"rendered":"<p>Se voc\u00ea tiver alguma pergunta para n\u00f3s, voc\u00ea pode faz\u00ea-la usando o formul\u00e1rio abaixo. Por favor note que ap\u00f3s clicar no bot\u00e3o &#8220;Submit&#8221;, seu e-mail ser\u00e1 enviado imediatamente, mesmo que as setas ainda estejam girando. Glitches tempor\u00e1rios))) [contact-form-7 id=&#8221;2756&#8243; title=&#8221;Contacto&#8221;] For Users: Termos e condi\u00e7\u00f5es de uso Pol\u00edtica de privacidade Isen\u00e7\u00e3o de responsabilidade<\/p>\n","protected":false},"author":2,"featured_media":0,"parent":1412,"menu_order":0,"comment_status":"closed","ping_status":"closed","template":"","meta":{"_acf_changed":false,"footnotes":""},"class_list":["post-1408","page","type-page","status-publish",""],"acf":[],"yoast_head":"<!-- This site is optimized with the Yoast SEO plugin v25.4 - https:\/\/yoast.com\/wordpress\/plugins\/seo\/ -->\n<title>Contato | Sexpositions.club<\/title>\n<meta name=\"description\" content=\"Se voc\u00ea tiver alguma pergunta para n\u00f3s, voc\u00ea pode faz\u00ea-las usando o formul\u00e1rio abaixo.\" \/>\n<meta name=\"robots\" content=\"index, follow, max-snippet:-1, max-image-preview:large, max-video-preview:-1\" \/>\n<link rel=\"canonical\" href=\"https:\/\/sexpositions.club\/pt\/para-os-usuarios\/contato\" \/>\n<meta property=\"og:locale\" content=\"pt_PT\" \/>\n<meta property=\"og:type\" content=\"article\" \/>\n<meta property=\"og:title\" content=\"Contato | Sexpositions.club\" \/>\n<meta property=\"og:description\" content=\"Se voc\u00ea tiver alguma pergunta para n\u00f3s, voc\u00ea pode faz\u00ea-las usando o formul\u00e1rio abaixo.\" \/>\n<meta property=\"og:url\" content=\"https:\/\/sexpositions.club\/pt\/para-os-usuarios\/contato\" \/>\n<meta property=\"og:site_name\" content=\"SexPositions.Club (pt)\" \/>\n<meta property=\"article:modified_time\" content=\"2021-06-05T05:22:34+00:00\" \/>\n<meta property=\"og:image\" content=\"https:\/\/sexpositions.club\/pt\/wp-content\/uploads\/sites\/4\/2016\/04\/for_users.jpg\" \/>\n<meta name=\"twitter:card\" content=\"summary_large_image\" \/>\n<meta name=\"twitter:label1\" content=\"Tempo estimado de leitura\" \/>\n\t<meta name=\"twitter:data1\" content=\"1 minuto\" \/>\n<script type=\"application\/ld+json\" class=\"yoast-schema-graph\">{\"@context\":\"https:\/\/schema.org\",\"@graph\":[{\"@type\":\"WebPage\",\"@id\":\"https:\/\/sexpositions.club\/pt\/para-os-usuarios\/contato\",\"url\":\"https:\/\/sexpositions.club\/pt\/para-os-usuarios\/contato\",\"name\":\"Contato | Sexpositions.club\",\"isPartOf\":{\"@id\":\"https:\/\/sexpositions.club\/pt\/#website\"},\"primaryImageOfPage\":{\"@id\":\"https:\/\/sexpositions.club\/pt\/para-os-usuarios\/contato#primaryimage\"},\"image\":{\"@id\":\"https:\/\/sexpositions.club\/pt\/para-os-usuarios\/contato#primaryimage\"},\"thumbnailUrl\":\"https:\/\/sexpositions.club\/pt\/wp-content\/uploads\/sites\/4\/2016\/04\/for_users.jpg\",\"datePublished\":\"2016-04-22T10:21:49+00:00\",\"dateModified\":\"2021-06-05T05:22:34+00:00\",\"description\":\"Se voc\u00ea tiver alguma pergunta para n\u00f3s, voc\u00ea pode faz\u00ea-las usando o formul\u00e1rio abaixo.\",\"breadcrumb\":{\"@id\":\"https:\/\/sexpositions.club\/pt\/para-os-usuarios\/contato#breadcrumb\"},\"inLanguage\":\"pt-PT\",\"potentialAction\":[{\"@type\":\"ReadAction\",\"target\":[\"https:\/\/sexpositions.club\/pt\/para-os-usuarios\/contato\"]}]},{\"@type\":\"ImageObject\",\"inLanguage\":\"pt-PT\",\"@id\":\"https:\/\/sexpositions.club\/pt\/para-os-usuarios\/contato#primaryimage\",\"url\":\"https:\/\/sexpositions.club\/pt\/wp-content\/uploads\/sites\/4\/2016\/04\/for_users.jpg\",\"contentUrl\":\"https:\/\/sexpositions.club\/pt\/wp-content\/uploads\/sites\/4\/2016\/04\/for_users.jpg\",\"width\":625,\"height\":120},{\"@type\":\"BreadcrumbList\",\"@id\":\"https:\/\/sexpositions.club\/pt\/para-os-usuarios\/contato#breadcrumb\",\"itemListElement\":[{\"@type\":\"ListItem\",\"position\":1,\"name\":\"Para os usu\u00e1rios\",\"item\":\"https:\/\/sexpositions.club\/pt\/para-os-usuarios\"},{\"@type\":\"ListItem\",\"position\":2,\"name\":\"Contato\"}]},{\"@type\":\"WebSite\",\"@id\":\"https:\/\/sexpositions.club\/pt\/#website\",\"url\":\"https:\/\/sexpositions.club\/pt\/\",\"name\":\"SexPositions.Club (pt)\",\"description\":\"\",\"potentialAction\":[{\"@type\":\"SearchAction\",\"target\":{\"@type\":\"EntryPoint\",\"urlTemplate\":\"https:\/\/sexpositions.club\/pt\/?s={search_term_string}\"},\"query-input\":{\"@type\":\"PropertyValueSpecification\",\"valueRequired\":true,\"valueName\":\"search_term_string\"}}],\"inLanguage\":\"pt-PT\"}]}<\/script>\n<!-- \/ Yoast SEO plugin. -->","yoast_head_json":{"title":"Contato | Sexpositions.club","description":"Se voc\u00ea tiver alguma pergunta para n\u00f3s, voc\u00ea pode faz\u00ea-las usando o formul\u00e1rio abaixo.","robots":{"index":"index","follow":"follow","max-snippet":"max-snippet:-1","max-image-preview":"max-image-preview:large","max-video-preview":"max-video-preview:-1"},"canonical":"https:\/\/sexpositions.club\/pt\/para-os-usuarios\/contato","og_locale":"pt_PT","og_type":"article","og_title":"Contato | Sexpositions.club","og_description":"Se voc\u00ea tiver alguma pergunta para n\u00f3s, voc\u00ea pode faz\u00ea-las usando o formul\u00e1rio abaixo.","og_url":"https:\/\/sexpositions.club\/pt\/para-os-usuarios\/contato","og_site_name":"SexPositions.Club (pt)","article_modified_time":"2021-06-05T05:22:34+00:00","og_image":[{"url":"https:\/\/sexpositions.club\/pt\/wp-content\/uploads\/sites\/4\/2016\/04\/for_users.jpg","type":"","width":"","height":""}],"twitter_card":"summary_large_image","twitter_misc":{"Tempo estimado de leitura":"1 minuto"},"schema":{"@context":"https:\/\/schema.org","@graph":[{"@type":"WebPage","@id":"https:\/\/sexpositions.club\/pt\/para-os-usuarios\/contato","url":"https:\/\/sexpositions.club\/pt\/para-os-usuarios\/contato","name":"Contato | Sexpositions.club","isPartOf":{"@id":"https:\/\/sexpositions.club\/pt\/#website"},"primaryImageOfPage":{"@id":"https:\/\/sexpositions.club\/pt\/para-os-usuarios\/contato#primaryimage"},"image":{"@id":"https:\/\/sexpositions.club\/pt\/para-os-usuarios\/contato#primaryimage"},"thumbnailUrl":"https:\/\/sexpositions.club\/pt\/wp-content\/uploads\/sites\/4\/2016\/04\/for_users.jpg","datePublished":"2016-04-22T10:21:49+00:00","dateModified":"2021-06-05T05:22:34+00:00","description":"Se voc\u00ea tiver alguma pergunta para n\u00f3s, voc\u00ea pode faz\u00ea-las usando o formul\u00e1rio abaixo.","breadcrumb":{"@id":"https:\/\/sexpositions.club\/pt\/para-os-usuarios\/contato#breadcrumb"},"inLanguage":"pt-PT","potentialAction":[{"@type":"ReadAction","target":["https:\/\/sexpositions.club\/pt\/para-os-usuarios\/contato"]}]},{"@type":"ImageObject","inLanguage":"pt-PT","@id":"https:\/\/sexpositions.club\/pt\/para-os-usuarios\/contato#primaryimage","url":"https:\/\/sexpositions.club\/pt\/wp-content\/uploads\/sites\/4\/2016\/04\/for_users.jpg","contentUrl":"https:\/\/sexpositions.club\/pt\/wp-content\/uploads\/sites\/4\/2016\/04\/for_users.jpg","width":625,"height":120},{"@type":"BreadcrumbList","@id":"https:\/\/sexpositions.club\/pt\/para-os-usuarios\/contato#breadcrumb","itemListElement":[{"@type":"ListItem","position":1,"name":"Para os usu\u00e1rios","item":"https:\/\/sexpositions.club\/pt\/para-os-usuarios"},{"@type":"ListItem","position":2,"name":"Contato"}]},{"@type":"WebSite","@id":"https:\/\/sexpositions.club\/pt\/#website","url":"https:\/\/sexpositions.club\/pt\/","name":"SexPositions.Club (pt)","description":"","potentialAction":[{"@type":"SearchAction","target":{"@type":"EntryPoint","urlTemplate":"https:\/\/sexpositions.club\/pt\/?s={search_term_string}"},"query-input":{"@type":"PropertyValueSpecification","valueRequired":true,"valueName":"search_term_string"}}],"inLanguage":"pt-PT"}]}},"_links":{"self":[{"href":"https:\/\/sexpositions.club\/pt\/wp-json\/wp\/v2\/pages\/1408","targetHints":{"allow":["GET"]}}],"collection":[{"href":"https:\/\/sexpositions.club\/pt\/wp-json\/wp\/v2\/pages"}],"about":[{"href":"https:\/\/sexpositions.club\/pt\/wp-json\/wp\/v2\/types\/page"}],"author":[{"embeddable":true,"href":"https:\/\/sexpositions.club\/pt\/wp-json\/wp\/v2\/users\/2"}],"replies":[{"embeddable":true,"href":"https:\/\/sexpositions.club\/pt\/wp-json\/wp\/v2\/comments?post=1408"}],"version-history":[{"count":0,"href":"https:\/\/sexpositions.club\/pt\/wp-json\/wp\/v2\/pages\/1408\/revisions"}],"up":[{"embeddable":true,"href":"https:\/\/sexpositions.club\/pt\/wp-json\/wp\/v2\/pages\/1412"}],"wp:attachment":[{"href":"https:\/\/sexpositions.club\/pt\/wp-json\/wp\/v2\/media?parent=1408"}],"curies":[{"name":"wp","href":"https:\/\/api.w.org\/{rel}","templated":true}]}}