{"id":1404,"date":"2016-04-22T11:43:15","date_gmt":"2016-04-22T09:43:15","guid":{"rendered":"http:\/\/sexpositions.club\/pt\/?page_id=1404"},"modified":"2021-06-05T07:23:56","modified_gmt":"2021-06-05T05:23:56","slug":"politica-de-privacidade","status":"publish","type":"page","link":"https:\/\/sexpositions.club\/pt\/para-os-usuarios\/politica-de-privacidade","title":{"rendered":"Pol\u00edtica de privacidade"},"content":{"rendered":"<p><span itemprop=\"image\" itemscope itemtype=\"https:\/\/schema.org\/ImageObject\"><img itemprop=\"url image\" loading=\"lazy\" decoding=\"async\" class=\"aligncenter wp-image-1415 size-full\" src=\"https:\/\/sexpositions.club\/pt\/wp-content\/uploads\/sites\/4\/2016\/04\/for_users.jpg\" alt=\"Para usuarios Sexpositions.club\" width=\"625\" height=\"120\" srcset=\"https:\/\/sexpositions.club\/pt\/wp-content\/uploads\/sites\/4\/2016\/04\/for_users.jpg 625w, https:\/\/sexpositions.club\/pt\/wp-content\/uploads\/sites\/4\/2016\/04\/for_users-350x67.jpg 350w, https:\/\/sexpositions.club\/pt\/wp-content\/uploads\/sites\/4\/2016\/04\/for_users-150x29.jpg 150w\" sizes=\"auto, (max-width: 625px) 100vw, 625px\" \/><meta itemprop=\"width\" content=\"625\"><meta itemprop=\"height\" content=\"120\"><\/span><\/p>\n<p>O propriet\u00e1rio deste site [https:\/\/sexpositions.club] n\u00e3o compartilha informa\u00e7\u00f5es pessoais com terceiros ou armazena informa\u00e7\u00f5es coletadas sobre sua visita para seu uso, exceto para analisar o desempenho do conte\u00fado atrav\u00e9s do uso de cookies, que voc\u00ea pode desativar a qualquer momento modificando as configura\u00e7\u00f5es de seu navegador de Internet. O propriet\u00e1rio n\u00e3o \u00e9 respons\u00e1vel pela republica\u00e7\u00e3o do conte\u00fado deste blog em outros sites ou meios de comunica\u00e7\u00e3o sem autoriza\u00e7\u00e3o.<\/p>\n<h3>Pol\u00edtica de coment\u00e1rios de blogs<\/h3>\n<p>.<br \/>\nTalvez voc\u00ea tenha que digitar seu endere\u00e7o de e-mail e nome para comentar neste blog. Tenha certeza de que seu endere\u00e7o de e-mail nunca ser\u00e1 usado para nenhum outro fim que n\u00e3o seja responder aos seus coment\u00e1rios e nunca ser\u00e1 tornado p\u00fablico. Seu endere\u00e7o de e-mail nunca ser\u00e1 vendido ou dado a nenhum servi\u00e7o de terceiros.<\/p>\n<p>O propriet\u00e1rio deste blog se reserva o direito de editar ou excluir quaisquer coment\u00e1rios enviados a este blog sem aviso pr\u00e9vio devido a isso;<\/p>\n<ul>\n<li>Coment\u00e1rios considerados spam ou spam question\u00e1vel<\/li>\n<li>Coment\u00e1rios que incluem profanidade<\/li>\n<li>Coment\u00e1rios que contenham linguagem ou conceitos que possam ser considerados ofensivos<\/li>\n<li>Coment\u00e1rios que atacam uma pessoa individualmente<\/li>\n<\/ul>\n<p>Esta pol\u00edtica de privacidade est\u00e1 sujeita a mudan\u00e7as sem aviso pr\u00e9vio e foi atualizada pela \u00faltima vez em 25 de abril de 2016. Se voc\u00ea tiver alguma d\u00favida, n\u00e3o hesite em entrar em contato conosco.<\/p>\n<div class=\"post-tags\"><span id=\"tag_cat\">For Users: <a href=\"https:\/\/sexpositions.club\/pt\/para-os-usuarios\/termos-e-condicoes-de-uso\">Termos e condi\u00e7\u00f5es de uso<\/a> <a href=\"https:\/\/sexpositions.club\/pt\/para-os-usuarios\/isencao-de-responsabilidade\">Isen\u00e7\u00e3o de responsabilidade<\/a> <a href=\"https:\/\/sexpositions.club\/pt\/para-os-usuarios\/contato\">Contato<\/a><\/span><\/div>\n","protected":false},"excerpt":{"rendered":"<p>O propriet\u00e1rio deste site [https:\/\/sexpositions.club] n\u00e3o compartilha informa\u00e7\u00f5es pessoais com terceiros ou armazena informa\u00e7\u00f5es coletadas sobre sua visita para seu uso, exceto para analisar o desempenho do conte\u00fado atrav\u00e9s do uso de cookies, que voc\u00ea pode desativar a qualquer momento modificando as configura\u00e7\u00f5es de seu navegador de Internet. O propriet\u00e1rio n\u00e3o \u00e9 respons\u00e1vel pela republica\u00e7\u00e3o [&hellip;]<\/p>\n","protected":false},"author":2,"featured_media":0,"parent":1412,"menu_order":0,"comment_status":"closed","ping_status":"closed","template":"","meta":{"_acf_changed":false,"footnotes":""},"class_list":["post-1404","page","type-page","status-publish",""],"acf":[],"yoast_head":"<!-- This site is optimized with the Yoast SEO plugin v25.4 - https:\/\/yoast.com\/wordpress\/plugins\/seo\/ -->\n<title>Pol\u00edtica de Privacidade | Sexpositions.club<\/title>\n<meta name=\"description\" content=\"O propriet\u00e1rio deste site [https:\/\/sexpositions.club] n\u00e3o compartilha informa\u00e7\u00f5es pessoais com terceiros e n\u00e3o armazena as informa\u00e7\u00f5es coletadas....\" \/>\n<meta name=\"robots\" content=\"index, follow, max-snippet:-1, max-image-preview:large, max-video-preview:-1\" \/>\n<link rel=\"canonical\" href=\"https:\/\/sexpositions.club\/pt\/para-os-usuarios\/politica-de-privacidade\" \/>\n<meta property=\"og:locale\" content=\"pt_PT\" \/>\n<meta property=\"og:type\" content=\"article\" \/>\n<meta property=\"og:title\" content=\"Pol\u00edtica de Privacidade | Sexpositions.club\" \/>\n<meta property=\"og:description\" content=\"O propriet\u00e1rio deste site [https:\/\/sexpositions.club] n\u00e3o compartilha informa\u00e7\u00f5es pessoais com terceiros e n\u00e3o armazena as informa\u00e7\u00f5es coletadas....\" \/>\n<meta property=\"og:url\" content=\"https:\/\/sexpositions.club\/pt\/para-os-usuarios\/politica-de-privacidade\" \/>\n<meta property=\"og:site_name\" content=\"SexPositions.Club (pt)\" \/>\n<meta property=\"article:modified_time\" content=\"2021-06-05T05:23:56+00:00\" \/>\n<meta property=\"og:image\" content=\"https:\/\/sexpositions.club\/pt\/wp-content\/uploads\/sites\/4\/2016\/04\/for_users.jpg\" \/>\n<meta name=\"twitter:card\" content=\"summary_large_image\" \/>\n<meta name=\"twitter:label1\" content=\"Tempo estimado de leitura\" \/>\n\t<meta name=\"twitter:data1\" content=\"2 minutos\" \/>\n<script type=\"application\/ld+json\" class=\"yoast-schema-graph\">{\"@context\":\"https:\/\/schema.org\",\"@graph\":[{\"@type\":\"WebPage\",\"@id\":\"https:\/\/sexpositions.club\/pt\/para-os-usuarios\/politica-de-privacidade\",\"url\":\"https:\/\/sexpositions.club\/pt\/para-os-usuarios\/politica-de-privacidade\",\"name\":\"Pol\u00edtica de Privacidade | Sexpositions.club\",\"isPartOf\":{\"@id\":\"https:\/\/sexpositions.club\/pt\/#website\"},\"primaryImageOfPage\":{\"@id\":\"https:\/\/sexpositions.club\/pt\/para-os-usuarios\/politica-de-privacidade#primaryimage\"},\"image\":{\"@id\":\"https:\/\/sexpositions.club\/pt\/para-os-usuarios\/politica-de-privacidade#primaryimage\"},\"thumbnailUrl\":\"https:\/\/sexpositions.club\/pt\/wp-content\/uploads\/sites\/4\/2016\/04\/for_users.jpg\",\"datePublished\":\"2016-04-22T09:43:15+00:00\",\"dateModified\":\"2021-06-05T05:23:56+00:00\",\"description\":\"O propriet\u00e1rio deste site [https:\/\/sexpositions.club] n\u00e3o compartilha informa\u00e7\u00f5es pessoais com terceiros e n\u00e3o armazena as informa\u00e7\u00f5es coletadas....\",\"breadcrumb\":{\"@id\":\"https:\/\/sexpositions.club\/pt\/para-os-usuarios\/politica-de-privacidade#breadcrumb\"},\"inLanguage\":\"pt-PT\",\"potentialAction\":[{\"@type\":\"ReadAction\",\"target\":[\"https:\/\/sexpositions.club\/pt\/para-os-usuarios\/politica-de-privacidade\"]}]},{\"@type\":\"ImageObject\",\"inLanguage\":\"pt-PT\",\"@id\":\"https:\/\/sexpositions.club\/pt\/para-os-usuarios\/politica-de-privacidade#primaryimage\",\"url\":\"https:\/\/sexpositions.club\/pt\/wp-content\/uploads\/sites\/4\/2016\/04\/for_users.jpg\",\"contentUrl\":\"https:\/\/sexpositions.club\/pt\/wp-content\/uploads\/sites\/4\/2016\/04\/for_users.jpg\",\"width\":625,\"height\":120},{\"@type\":\"BreadcrumbList\",\"@id\":\"https:\/\/sexpositions.club\/pt\/para-os-usuarios\/politica-de-privacidade#breadcrumb\",\"itemListElement\":[{\"@type\":\"ListItem\",\"position\":1,\"name\":\"Para os usu\u00e1rios\",\"item\":\"https:\/\/sexpositions.club\/pt\/para-os-usuarios\"},{\"@type\":\"ListItem\",\"position\":2,\"name\":\"Pol\u00edtica de privacidade\"}]},{\"@type\":\"WebSite\",\"@id\":\"https:\/\/sexpositions.club\/pt\/#website\",\"url\":\"https:\/\/sexpositions.club\/pt\/\",\"name\":\"SexPositions.Club (pt)\",\"description\":\"\",\"potentialAction\":[{\"@type\":\"SearchAction\",\"target\":{\"@type\":\"EntryPoint\",\"urlTemplate\":\"https:\/\/sexpositions.club\/pt\/?s={search_term_string}\"},\"query-input\":{\"@type\":\"PropertyValueSpecification\",\"valueRequired\":true,\"valueName\":\"search_term_string\"}}],\"inLanguage\":\"pt-PT\"}]}<\/script>\n<!-- \/ Yoast SEO plugin. -->","yoast_head_json":{"title":"Pol\u00edtica de Privacidade | Sexpositions.club","description":"O propriet\u00e1rio deste site [https:\/\/sexpositions.club] n\u00e3o compartilha informa\u00e7\u00f5es pessoais com terceiros e n\u00e3o armazena as informa\u00e7\u00f5es coletadas....","robots":{"index":"index","follow":"follow","max-snippet":"max-snippet:-1","max-image-preview":"max-image-preview:large","max-video-preview":"max-video-preview:-1"},"canonical":"https:\/\/sexpositions.club\/pt\/para-os-usuarios\/politica-de-privacidade","og_locale":"pt_PT","og_type":"article","og_title":"Pol\u00edtica de Privacidade | Sexpositions.club","og_description":"O propriet\u00e1rio deste site [https:\/\/sexpositions.club] n\u00e3o compartilha informa\u00e7\u00f5es pessoais com terceiros e n\u00e3o armazena as informa\u00e7\u00f5es coletadas....","og_url":"https:\/\/sexpositions.club\/pt\/para-os-usuarios\/politica-de-privacidade","og_site_name":"SexPositions.Club (pt)","article_modified_time":"2021-06-05T05:23:56+00:00","og_image":[{"url":"https:\/\/sexpositions.club\/pt\/wp-content\/uploads\/sites\/4\/2016\/04\/for_users.jpg","type":"","width":"","height":""}],"twitter_card":"summary_large_image","twitter_misc":{"Tempo estimado de leitura":"2 minutos"},"schema":{"@context":"https:\/\/schema.org","@graph":[{"@type":"WebPage","@id":"https:\/\/sexpositions.club\/pt\/para-os-usuarios\/politica-de-privacidade","url":"https:\/\/sexpositions.club\/pt\/para-os-usuarios\/politica-de-privacidade","name":"Pol\u00edtica de Privacidade | Sexpositions.club","isPartOf":{"@id":"https:\/\/sexpositions.club\/pt\/#website"},"primaryImageOfPage":{"@id":"https:\/\/sexpositions.club\/pt\/para-os-usuarios\/politica-de-privacidade#primaryimage"},"image":{"@id":"https:\/\/sexpositions.club\/pt\/para-os-usuarios\/politica-de-privacidade#primaryimage"},"thumbnailUrl":"https:\/\/sexpositions.club\/pt\/wp-content\/uploads\/sites\/4\/2016\/04\/for_users.jpg","datePublished":"2016-04-22T09:43:15+00:00","dateModified":"2021-06-05T05:23:56+00:00","description":"O propriet\u00e1rio deste site [https:\/\/sexpositions.club] n\u00e3o compartilha informa\u00e7\u00f5es pessoais com terceiros e n\u00e3o armazena as informa\u00e7\u00f5es coletadas....","breadcrumb":{"@id":"https:\/\/sexpositions.club\/pt\/para-os-usuarios\/politica-de-privacidade#breadcrumb"},"inLanguage":"pt-PT","potentialAction":[{"@type":"ReadAction","target":["https:\/\/sexpositions.club\/pt\/para-os-usuarios\/politica-de-privacidade"]}]},{"@type":"ImageObject","inLanguage":"pt-PT","@id":"https:\/\/sexpositions.club\/pt\/para-os-usuarios\/politica-de-privacidade#primaryimage","url":"https:\/\/sexpositions.club\/pt\/wp-content\/uploads\/sites\/4\/2016\/04\/for_users.jpg","contentUrl":"https:\/\/sexpositions.club\/pt\/wp-content\/uploads\/sites\/4\/2016\/04\/for_users.jpg","width":625,"height":120},{"@type":"BreadcrumbList","@id":"https:\/\/sexpositions.club\/pt\/para-os-usuarios\/politica-de-privacidade#breadcrumb","itemListElement":[{"@type":"ListItem","position":1,"name":"Para os usu\u00e1rios","item":"https:\/\/sexpositions.club\/pt\/para-os-usuarios"},{"@type":"ListItem","position":2,"name":"Pol\u00edtica de privacidade"}]},{"@type":"WebSite","@id":"https:\/\/sexpositions.club\/pt\/#website","url":"https:\/\/sexpositions.club\/pt\/","name":"SexPositions.Club (pt)","description":"","potentialAction":[{"@type":"SearchAction","target":{"@type":"EntryPoint","urlTemplate":"https:\/\/sexpositions.club\/pt\/?s={search_term_string}"},"query-input":{"@type":"PropertyValueSpecification","valueRequired":true,"valueName":"search_term_string"}}],"inLanguage":"pt-PT"}]}},"_links":{"self":[{"href":"https:\/\/sexpositions.club\/pt\/wp-json\/wp\/v2\/pages\/1404","targetHints":{"allow":["GET"]}}],"collection":[{"href":"https:\/\/sexpositions.club\/pt\/wp-json\/wp\/v2\/pages"}],"about":[{"href":"https:\/\/sexpositions.club\/pt\/wp-json\/wp\/v2\/types\/page"}],"author":[{"embeddable":true,"href":"https:\/\/sexpositions.club\/pt\/wp-json\/wp\/v2\/users\/2"}],"replies":[{"embeddable":true,"href":"https:\/\/sexpositions.club\/pt\/wp-json\/wp\/v2\/comments?post=1404"}],"version-history":[{"count":0,"href":"https:\/\/sexpositions.club\/pt\/wp-json\/wp\/v2\/pages\/1404\/revisions"}],"up":[{"embeddable":true,"href":"https:\/\/sexpositions.club\/pt\/wp-json\/wp\/v2\/pages\/1412"}],"wp:attachment":[{"href":"https:\/\/sexpositions.club\/pt\/wp-json\/wp\/v2\/media?parent=1404"}],"curies":[{"name":"wp","href":"https:\/\/api.w.org\/{rel}","templated":true}]}}