{"id":1402,"date":"2016-04-22T11:31:47","date_gmt":"2016-04-22T09:31:47","guid":{"rendered":"http:\/\/sexpositions.club\/pt\/?page_id=1402"},"modified":"2021-06-05T07:22:12","modified_gmt":"2021-06-05T05:22:12","slug":"termos-e-condicoes-de-uso","status":"publish","type":"page","link":"https:\/\/sexpositions.club\/pt\/para-os-usuarios\/termos-e-condicoes-de-uso","title":{"rendered":"Termos e condi\u00e7\u00f5es de uso"},"content":{"rendered":"<p><span itemprop=\"image\" itemscope itemtype=\"https:\/\/schema.org\/ImageObject\"><img itemprop=\"url image\" loading=\"lazy\" decoding=\"async\" class=\"aligncenter wp-image-1415 size-full\" src=\"https:\/\/sexpositions.club\/pt\/wp-content\/uploads\/sites\/4\/2016\/04\/for_users.jpg\" alt=\"For Sexpositions.club users\" width=\"625\" height=\"120\" srcset=\"https:\/\/sexpositions.club\/pt\/wp-content\/uploads\/sites\/4\/2016\/04\/for_users.jpg 625w, https:\/\/sexpositions.club\/pt\/wp-content\/uploads\/sites\/4\/2016\/04\/for_users-350x67.jpg 350w, https:\/\/sexpositions.club\/pt\/wp-content\/uploads\/sites\/4\/2016\/04\/for_users-150x29.jpg 150w\" sizes=\"auto, (max-width: 625px) 100vw, 625px\" \/><meta itemprop=\"width\" content=\"625\"><meta itemprop=\"height\" content=\"120\"><\/span><\/p>\n<p>Todo o conte\u00fado fornecido em [https:\/\/sexpositions.club] \u00e9 apenas para fins informativos. O propriet\u00e1rio deste blog n\u00e3o \u00e9 respons\u00e1vel pela precis\u00e3o ou completude das informa\u00e7\u00f5es que aparecem neste site ou que s\u00e3o encontradas atrav\u00e9s de qualquer link deste site.<\/p>\n<p>O propriet\u00e1rio do [https:\/\/sexpositions.club] n\u00e3o \u00e9 respons\u00e1vel por quaisquer erros ou omiss\u00f5es nestas informa\u00e7\u00f5es ou pela disponibilidade destas informa\u00e7\u00f5es. O propriet\u00e1rio n\u00e3o ser\u00e1 respons\u00e1vel por qualquer perda, ferimento ou dano decorrente da visualiza\u00e7\u00e3o ou uso dessas informa\u00e7\u00f5es.<\/p>\n<p>Estes termos e condi\u00e7\u00f5es est\u00e3o sujeitos a altera\u00e7\u00f5es a qualquer momento, com ou sem aviso pr\u00e9vio.<span id=\"tag_cat\"><\/span><\/p>\n<div class=\"post-tags\"><span id=\"tag_cat\">For Users: <a href=\"https:\/\/sexpositions.club\/pt\/para-os-usuarios\/politica-de-privacidade\">Pol\u00edtica de privacidade<\/a> <a href=\"https:\/\/sexpositions.club\/pt\/para-os-usuarios\/isencao-de-responsabilidade\">Isen\u00e7\u00e3o de responsabilidade<\/a> <a href=\"https:\/\/sexpositions.club\/pt\/para-os-usuarios\/contato\">Contato<\/a><\/span><\/div>\n","protected":false},"excerpt":{"rendered":"<p>Todo o conte\u00fado fornecido em [https:\/\/sexpositions.club] \u00e9 apenas para fins informativos. O propriet\u00e1rio deste blog n\u00e3o \u00e9 respons\u00e1vel pela precis\u00e3o ou completude das informa\u00e7\u00f5es que aparecem neste site ou que s\u00e3o encontradas atrav\u00e9s de qualquer link deste site. O propriet\u00e1rio do [https:\/\/sexpositions.club] n\u00e3o \u00e9 respons\u00e1vel por quaisquer erros ou omiss\u00f5es nestas informa\u00e7\u00f5es ou pela disponibilidade [&hellip;]<\/p>\n","protected":false},"author":2,"featured_media":0,"parent":1412,"menu_order":0,"comment_status":"closed","ping_status":"closed","template":"","meta":{"_acf_changed":false,"footnotes":""},"class_list":["post-1402","page","type-page","status-publish",""],"acf":[],"yoast_head":"<!-- This site is optimized with the Yoast SEO plugin v27.4 - https:\/\/yoast.com\/product\/yoast-seo-wordpress\/ -->\n<title>Termos e Condi\u00e7\u00f5es de Uso | Sexpositions.club<\/title>\n<meta name=\"description\" content=\"Todo o conte\u00fado fornecido em [https:\/\/sexpositions.club] \u00e9 apenas para fins informativos. O propriet\u00e1rio deste blog n\u00e3o faz representa\u00e7\u00f5es quanto \u00e0 exatid\u00e3o...\" \/>\n<meta name=\"robots\" content=\"index, follow, max-snippet:-1, max-image-preview:large, max-video-preview:-1\" \/>\n<link rel=\"canonical\" href=\"https:\/\/sexpositions.club\/pt\/para-os-usuarios\/termos-e-condicoes-de-uso\" \/>\n<meta property=\"og:locale\" content=\"pt_PT\" \/>\n<meta property=\"og:type\" content=\"article\" \/>\n<meta property=\"og:title\" content=\"Termos e Condi\u00e7\u00f5es de Uso | Sexpositions.club\" \/>\n<meta property=\"og:description\" content=\"Todo o conte\u00fado fornecido em [https:\/\/sexpositions.club] \u00e9 apenas para fins informativos. O propriet\u00e1rio deste blog n\u00e3o faz representa\u00e7\u00f5es quanto \u00e0 exatid\u00e3o...\" \/>\n<meta property=\"og:url\" content=\"https:\/\/sexpositions.club\/pt\/para-os-usuarios\/termos-e-condicoes-de-uso\" \/>\n<meta property=\"og:site_name\" content=\"SexPositions.Club (pt)\" \/>\n<meta property=\"article:modified_time\" content=\"2021-06-05T05:22:12+00:00\" \/>\n<meta property=\"og:image\" content=\"https:\/\/sexpositions.club\/pt\/wp-content\/uploads\/sites\/4\/2016\/04\/for_users.jpg\" \/>\n<meta name=\"twitter:card\" content=\"summary_large_image\" \/>\n<meta name=\"twitter:label1\" content=\"Tempo estimado de leitura\" \/>\n\t<meta name=\"twitter:data1\" content=\"1 minuto\" \/>\n<script type=\"application\/ld+json\" class=\"yoast-schema-graph\">{\"@context\":\"https:\\\/\\\/schema.org\",\"@graph\":[{\"@type\":\"WebPage\",\"@id\":\"https:\\\/\\\/sexpositions.club\\\/pt\\\/para-os-usuarios\\\/termos-e-condicoes-de-uso\",\"url\":\"https:\\\/\\\/sexpositions.club\\\/pt\\\/para-os-usuarios\\\/termos-e-condicoes-de-uso\",\"name\":\"Termos e Condi\u00e7\u00f5es de Uso | Sexpositions.club\",\"isPartOf\":{\"@id\":\"https:\\\/\\\/sexpositions.club\\\/pt\\\/#website\"},\"primaryImageOfPage\":{\"@id\":\"https:\\\/\\\/sexpositions.club\\\/pt\\\/para-os-usuarios\\\/termos-e-condicoes-de-uso#primaryimage\"},\"image\":{\"@id\":\"https:\\\/\\\/sexpositions.club\\\/pt\\\/para-os-usuarios\\\/termos-e-condicoes-de-uso#primaryimage\"},\"thumbnailUrl\":\"https:\\\/\\\/sexpositions.club\\\/pt\\\/wp-content\\\/uploads\\\/sites\\\/4\\\/2016\\\/04\\\/for_users.jpg\",\"datePublished\":\"2016-04-22T09:31:47+00:00\",\"dateModified\":\"2021-06-05T05:22:12+00:00\",\"description\":\"Todo o conte\u00fado fornecido em [https:\\\/\\\/sexpositions.club] \u00e9 apenas para fins informativos. O propriet\u00e1rio deste blog n\u00e3o faz representa\u00e7\u00f5es quanto \u00e0 exatid\u00e3o...\",\"breadcrumb\":{\"@id\":\"https:\\\/\\\/sexpositions.club\\\/pt\\\/para-os-usuarios\\\/termos-e-condicoes-de-uso#breadcrumb\"},\"inLanguage\":\"pt-PT\",\"potentialAction\":[{\"@type\":\"ReadAction\",\"target\":[\"https:\\\/\\\/sexpositions.club\\\/pt\\\/para-os-usuarios\\\/termos-e-condicoes-de-uso\"]}]},{\"@type\":\"ImageObject\",\"inLanguage\":\"pt-PT\",\"@id\":\"https:\\\/\\\/sexpositions.club\\\/pt\\\/para-os-usuarios\\\/termos-e-condicoes-de-uso#primaryimage\",\"url\":\"https:\\\/\\\/sexpositions.club\\\/pt\\\/wp-content\\\/uploads\\\/sites\\\/4\\\/2016\\\/04\\\/for_users.jpg\",\"contentUrl\":\"https:\\\/\\\/sexpositions.club\\\/pt\\\/wp-content\\\/uploads\\\/sites\\\/4\\\/2016\\\/04\\\/for_users.jpg\",\"width\":625,\"height\":120},{\"@type\":\"BreadcrumbList\",\"@id\":\"https:\\\/\\\/sexpositions.club\\\/pt\\\/para-os-usuarios\\\/termos-e-condicoes-de-uso#breadcrumb\",\"itemListElement\":[{\"@type\":\"ListItem\",\"position\":1,\"name\":\"Para os usu\u00e1rios\",\"item\":\"https:\\\/\\\/sexpositions.club\\\/pt\\\/para-os-usuarios\"},{\"@type\":\"ListItem\",\"position\":2,\"name\":\"Termos e condi\u00e7\u00f5es de uso\"}]},{\"@type\":\"WebSite\",\"@id\":\"https:\\\/\\\/sexpositions.club\\\/pt\\\/#website\",\"url\":\"https:\\\/\\\/sexpositions.club\\\/pt\\\/\",\"name\":\"SexPositions.Club (pt)\",\"description\":\"\",\"potentialAction\":[{\"@type\":\"SearchAction\",\"target\":{\"@type\":\"EntryPoint\",\"urlTemplate\":\"https:\\\/\\\/sexpositions.club\\\/pt\\\/?s={search_term_string}\"},\"query-input\":{\"@type\":\"PropertyValueSpecification\",\"valueRequired\":true,\"valueName\":\"search_term_string\"}}],\"inLanguage\":\"pt-PT\"}]}<\/script>\n<!-- \/ Yoast SEO plugin. -->","yoast_head_json":{"title":"Termos e Condi\u00e7\u00f5es de Uso | Sexpositions.club","description":"Todo o conte\u00fado fornecido em [https:\/\/sexpositions.club] \u00e9 apenas para fins informativos. O propriet\u00e1rio deste blog n\u00e3o faz representa\u00e7\u00f5es quanto \u00e0 exatid\u00e3o...","robots":{"index":"index","follow":"follow","max-snippet":"max-snippet:-1","max-image-preview":"max-image-preview:large","max-video-preview":"max-video-preview:-1"},"canonical":"https:\/\/sexpositions.club\/pt\/para-os-usuarios\/termos-e-condicoes-de-uso","og_locale":"pt_PT","og_type":"article","og_title":"Termos e Condi\u00e7\u00f5es de Uso | Sexpositions.club","og_description":"Todo o conte\u00fado fornecido em [https:\/\/sexpositions.club] \u00e9 apenas para fins informativos. O propriet\u00e1rio deste blog n\u00e3o faz representa\u00e7\u00f5es quanto \u00e0 exatid\u00e3o...","og_url":"https:\/\/sexpositions.club\/pt\/para-os-usuarios\/termos-e-condicoes-de-uso","og_site_name":"SexPositions.Club (pt)","article_modified_time":"2021-06-05T05:22:12+00:00","og_image":[{"url":"https:\/\/sexpositions.club\/pt\/wp-content\/uploads\/sites\/4\/2016\/04\/for_users.jpg","type":"","width":"","height":""}],"twitter_card":"summary_large_image","twitter_misc":{"Tempo estimado de leitura":"1 minuto"},"schema":{"@context":"https:\/\/schema.org","@graph":[{"@type":"WebPage","@id":"https:\/\/sexpositions.club\/pt\/para-os-usuarios\/termos-e-condicoes-de-uso","url":"https:\/\/sexpositions.club\/pt\/para-os-usuarios\/termos-e-condicoes-de-uso","name":"Termos e Condi\u00e7\u00f5es de Uso | Sexpositions.club","isPartOf":{"@id":"https:\/\/sexpositions.club\/pt\/#website"},"primaryImageOfPage":{"@id":"https:\/\/sexpositions.club\/pt\/para-os-usuarios\/termos-e-condicoes-de-uso#primaryimage"},"image":{"@id":"https:\/\/sexpositions.club\/pt\/para-os-usuarios\/termos-e-condicoes-de-uso#primaryimage"},"thumbnailUrl":"https:\/\/sexpositions.club\/pt\/wp-content\/uploads\/sites\/4\/2016\/04\/for_users.jpg","datePublished":"2016-04-22T09:31:47+00:00","dateModified":"2021-06-05T05:22:12+00:00","description":"Todo o conte\u00fado fornecido em [https:\/\/sexpositions.club] \u00e9 apenas para fins informativos. O propriet\u00e1rio deste blog n\u00e3o faz representa\u00e7\u00f5es quanto \u00e0 exatid\u00e3o...","breadcrumb":{"@id":"https:\/\/sexpositions.club\/pt\/para-os-usuarios\/termos-e-condicoes-de-uso#breadcrumb"},"inLanguage":"pt-PT","potentialAction":[{"@type":"ReadAction","target":["https:\/\/sexpositions.club\/pt\/para-os-usuarios\/termos-e-condicoes-de-uso"]}]},{"@type":"ImageObject","inLanguage":"pt-PT","@id":"https:\/\/sexpositions.club\/pt\/para-os-usuarios\/termos-e-condicoes-de-uso#primaryimage","url":"https:\/\/sexpositions.club\/pt\/wp-content\/uploads\/sites\/4\/2016\/04\/for_users.jpg","contentUrl":"https:\/\/sexpositions.club\/pt\/wp-content\/uploads\/sites\/4\/2016\/04\/for_users.jpg","width":625,"height":120},{"@type":"BreadcrumbList","@id":"https:\/\/sexpositions.club\/pt\/para-os-usuarios\/termos-e-condicoes-de-uso#breadcrumb","itemListElement":[{"@type":"ListItem","position":1,"name":"Para os usu\u00e1rios","item":"https:\/\/sexpositions.club\/pt\/para-os-usuarios"},{"@type":"ListItem","position":2,"name":"Termos e condi\u00e7\u00f5es de uso"}]},{"@type":"WebSite","@id":"https:\/\/sexpositions.club\/pt\/#website","url":"https:\/\/sexpositions.club\/pt\/","name":"SexPositions.Club (pt)","description":"","potentialAction":[{"@type":"SearchAction","target":{"@type":"EntryPoint","urlTemplate":"https:\/\/sexpositions.club\/pt\/?s={search_term_string}"},"query-input":{"@type":"PropertyValueSpecification","valueRequired":true,"valueName":"search_term_string"}}],"inLanguage":"pt-PT"}]}},"_links":{"self":[{"href":"https:\/\/sexpositions.club\/pt\/wp-json\/wp\/v2\/pages\/1402","targetHints":{"allow":["GET"]}}],"collection":[{"href":"https:\/\/sexpositions.club\/pt\/wp-json\/wp\/v2\/pages"}],"about":[{"href":"https:\/\/sexpositions.club\/pt\/wp-json\/wp\/v2\/types\/page"}],"author":[{"embeddable":true,"href":"https:\/\/sexpositions.club\/pt\/wp-json\/wp\/v2\/users\/2"}],"replies":[{"embeddable":true,"href":"https:\/\/sexpositions.club\/pt\/wp-json\/wp\/v2\/comments?post=1402"}],"version-history":[{"count":0,"href":"https:\/\/sexpositions.club\/pt\/wp-json\/wp\/v2\/pages\/1402\/revisions"}],"up":[{"embeddable":true,"href":"https:\/\/sexpositions.club\/pt\/wp-json\/wp\/v2\/pages\/1412"}],"wp:attachment":[{"href":"https:\/\/sexpositions.club\/pt\/wp-json\/wp\/v2\/media?parent=1402"}],"curies":[{"name":"wp","href":"https:\/\/api.w.org\/{rel}","templated":true}]}}