{"id":1400,"date":"2016-04-22T10:59:01","date_gmt":"2016-04-22T08:59:01","guid":{"rendered":"http:\/\/sexpositions.club\/pt\/?page_id=1400"},"modified":"2021-06-05T07:23:38","modified_gmt":"2021-06-05T05:23:38","slug":"isencao-de-responsabilidade","status":"publish","type":"page","link":"https:\/\/sexpositions.club\/pt\/para-os-usuarios\/isencao-de-responsabilidade","title":{"rendered":"Isen\u00e7\u00e3o de responsabilidade"},"content":{"rendered":"<p><span itemprop=\"image\" itemscope itemtype=\"https:\/\/schema.org\/ImageObject\"><img itemprop=\"url image\" loading=\"lazy\" decoding=\"async\" class=\"aligncenter wp-image-1415 size-full\" src=\"https:\/\/sexpositions.club\/pt\/wp-content\/uploads\/sites\/4\/2016\/04\/for_users.jpg\" alt=\"Para usuarios Sexpositions.club\" width=\"625\" height=\"120\" srcset=\"https:\/\/sexpositions.club\/pt\/wp-content\/uploads\/sites\/4\/2016\/04\/for_users.jpg 625w, https:\/\/sexpositions.club\/pt\/wp-content\/uploads\/sites\/4\/2016\/04\/for_users-350x67.jpg 350w, https:\/\/sexpositions.club\/pt\/wp-content\/uploads\/sites\/4\/2016\/04\/for_users-150x29.jpg 150w\" sizes=\"auto, (max-width: 625px) 100vw, 625px\" \/><meta itemprop=\"width\" content=\"625\"><meta itemprop=\"height\" content=\"120\"><\/span><\/p>\n<p>https:\/\/sexpositions.club] n\u00e3o representa ou endossa a precis\u00e3o ou confiabilidade de qualquer informa\u00e7\u00e3o, conte\u00fado ou an\u00fancios contidos, distribu\u00eddos atrav\u00e9s de, vinculados, baixados ou acessados de qualquer de seus servi\u00e7os, ou a qualidade de quaisquer produtos, informa\u00e7\u00f5es ou outros materiais exibidos, adquiridos ou obtidos como resultado de um an\u00fancio ou qualquer outra informa\u00e7\u00e3o ou oferta sobre ou em conex\u00e3o com os servi\u00e7os deste website.<\/p>\n<p>Voc\u00ea reconhece que qualquer confian\u00e7a depositada em qualquer material ser\u00e1 por sua pr\u00f3pria conta e risco. https:\/\/sexpositions.club] reserva-se o direito, a seu exclusivo crit\u00e9rio e sem obriga\u00e7\u00e3o, de fazer melhorias ou corrigir quaisquer erros ou omiss\u00f5es em qualquer parte do servi\u00e7o ou materiais.<\/p>\n<p>os servi\u00e7os e materiais s\u00e3o fornecidos por [https:\/\/sexpositions.club] &#8220;como est\u00e3o&#8221;, e [https:\/\/sexpositions.club] renuncia expressamente a quaisquer garantias, expressas ou impl\u00edcitas, sem limita\u00e7\u00e3o de garantias de comercializa\u00e7\u00e3o e adequa\u00e7\u00e3o a uma finalidade espec\u00edfica, com respeito ao servi\u00e7o ou quaisquer materiais e produtos em nenhuma hip\u00f3tese [https:\/\/sexpositions.club] ser\u00e1 respons\u00e1vel por quaisquer danos diretos, indiretos, incidentais, punitivos ou conseq\u00fcentes de qualquer tipo com respeito ao servi\u00e7o, materiais e produtos.<\/p>\n<p>https:\/\/sexpositions.club] respeita os direitos (inclusive de propriedade intelectual) de outros e pedimos a nossos usu\u00e1rios que fa\u00e7am o mesmo. https:\/\/sexpositions.club] poder\u00e1, em circunst\u00e2ncias apropriadas e a seu exclusivo crit\u00e9rio, encerrar as contas dos usu\u00e1rios que infringirem ou de outra forma violarem tais direitos de terceiros.<\/p>\n<div class=\"post-tags\"><span id=\"tag_cat\">For Users: <a href=\"https:\/\/sexpositions.club\/pt\/para-os-usuarios\/termos-e-condicoes-de-uso\">Termos e condi\u00e7\u00f5es de uso<\/a> <a href=\"https:\/\/sexpositions.club\/pt\/para-os-usuarios\/politica-de-privacidade\">Pol\u00edtica de privacidade<\/a> <a href=\"https:\/\/sexpositions.club\/pt\/para-os-usuarios\/contato\">Contato<\/a><\/span><\/div>\n","protected":false},"excerpt":{"rendered":"<p>https:\/\/sexpositions.club] n\u00e3o representa ou endossa a precis\u00e3o ou confiabilidade de qualquer informa\u00e7\u00e3o, conte\u00fado ou an\u00fancios contidos, distribu\u00eddos atrav\u00e9s de, vinculados, baixados ou acessados de qualquer de seus servi\u00e7os, ou a qualidade de quaisquer produtos, informa\u00e7\u00f5es ou outros materiais exibidos, adquiridos ou obtidos como resultado de um an\u00fancio ou qualquer outra informa\u00e7\u00e3o ou oferta sobre ou [&hellip;]<\/p>\n","protected":false},"author":2,"featured_media":0,"parent":1412,"menu_order":0,"comment_status":"closed","ping_status":"closed","template":"","meta":{"_acf_changed":false,"footnotes":""},"class_list":["post-1400","page","type-page","status-publish",""],"acf":[],"yoast_head":"<!-- This site is optimized with the Yoast SEO plugin v27.4 - https:\/\/yoast.com\/product\/yoast-seo-wordpress\/ -->\n<title>Isen\u00e7\u00e3o de responsabilidade | Sexpositions.club<\/title>\n<meta name=\"description\" content=\"https:\/\/sexpositions.club] n\u00e3o representa ou endossa a precis\u00e3o ou confiabilidade das informa\u00e7\u00f5es, conte\u00fado ou propagandas contidas nesta....\" \/>\n<meta name=\"robots\" content=\"index, follow, max-snippet:-1, max-image-preview:large, max-video-preview:-1\" \/>\n<link rel=\"canonical\" href=\"https:\/\/sexpositions.club\/pt\/para-os-usuarios\/isencao-de-responsabilidade\" \/>\n<meta property=\"og:locale\" content=\"pt_PT\" \/>\n<meta property=\"og:type\" content=\"article\" \/>\n<meta property=\"og:title\" content=\"Isen\u00e7\u00e3o de responsabilidade | Sexpositions.club\" \/>\n<meta property=\"og:description\" content=\"https:\/\/sexpositions.club] n\u00e3o representa ou endossa a precis\u00e3o ou confiabilidade das informa\u00e7\u00f5es, conte\u00fado ou propagandas contidas nesta....\" \/>\n<meta property=\"og:url\" content=\"https:\/\/sexpositions.club\/pt\/para-os-usuarios\/isencao-de-responsabilidade\" \/>\n<meta property=\"og:site_name\" content=\"SexPositions.Club (pt)\" \/>\n<meta property=\"article:modified_time\" content=\"2021-06-05T05:23:38+00:00\" \/>\n<meta property=\"og:image\" content=\"https:\/\/sexpositions.club\/pt\/wp-content\/uploads\/sites\/4\/2016\/04\/for_users.jpg\" \/>\n<meta name=\"twitter:card\" content=\"summary_large_image\" \/>\n<meta name=\"twitter:label1\" content=\"Tempo estimado de leitura\" \/>\n\t<meta name=\"twitter:data1\" content=\"2 minutos\" \/>\n<script type=\"application\/ld+json\" class=\"yoast-schema-graph\">{\"@context\":\"https:\\\/\\\/schema.org\",\"@graph\":[{\"@type\":\"WebPage\",\"@id\":\"https:\\\/\\\/sexpositions.club\\\/pt\\\/para-os-usuarios\\\/isencao-de-responsabilidade\",\"url\":\"https:\\\/\\\/sexpositions.club\\\/pt\\\/para-os-usuarios\\\/isencao-de-responsabilidade\",\"name\":\"Isen\u00e7\u00e3o de responsabilidade | Sexpositions.club\",\"isPartOf\":{\"@id\":\"https:\\\/\\\/sexpositions.club\\\/pt\\\/#website\"},\"primaryImageOfPage\":{\"@id\":\"https:\\\/\\\/sexpositions.club\\\/pt\\\/para-os-usuarios\\\/isencao-de-responsabilidade#primaryimage\"},\"image\":{\"@id\":\"https:\\\/\\\/sexpositions.club\\\/pt\\\/para-os-usuarios\\\/isencao-de-responsabilidade#primaryimage\"},\"thumbnailUrl\":\"https:\\\/\\\/sexpositions.club\\\/pt\\\/wp-content\\\/uploads\\\/sites\\\/4\\\/2016\\\/04\\\/for_users.jpg\",\"datePublished\":\"2016-04-22T08:59:01+00:00\",\"dateModified\":\"2021-06-05T05:23:38+00:00\",\"description\":\"https:\\\/\\\/sexpositions.club] n\u00e3o representa ou endossa a precis\u00e3o ou confiabilidade das informa\u00e7\u00f5es, conte\u00fado ou propagandas contidas nesta....\",\"breadcrumb\":{\"@id\":\"https:\\\/\\\/sexpositions.club\\\/pt\\\/para-os-usuarios\\\/isencao-de-responsabilidade#breadcrumb\"},\"inLanguage\":\"pt-PT\",\"potentialAction\":[{\"@type\":\"ReadAction\",\"target\":[\"https:\\\/\\\/sexpositions.club\\\/pt\\\/para-os-usuarios\\\/isencao-de-responsabilidade\"]}]},{\"@type\":\"ImageObject\",\"inLanguage\":\"pt-PT\",\"@id\":\"https:\\\/\\\/sexpositions.club\\\/pt\\\/para-os-usuarios\\\/isencao-de-responsabilidade#primaryimage\",\"url\":\"https:\\\/\\\/sexpositions.club\\\/pt\\\/wp-content\\\/uploads\\\/sites\\\/4\\\/2016\\\/04\\\/for_users.jpg\",\"contentUrl\":\"https:\\\/\\\/sexpositions.club\\\/pt\\\/wp-content\\\/uploads\\\/sites\\\/4\\\/2016\\\/04\\\/for_users.jpg\",\"width\":625,\"height\":120},{\"@type\":\"BreadcrumbList\",\"@id\":\"https:\\\/\\\/sexpositions.club\\\/pt\\\/para-os-usuarios\\\/isencao-de-responsabilidade#breadcrumb\",\"itemListElement\":[{\"@type\":\"ListItem\",\"position\":1,\"name\":\"Para os usu\u00e1rios\",\"item\":\"https:\\\/\\\/sexpositions.club\\\/pt\\\/para-os-usuarios\"},{\"@type\":\"ListItem\",\"position\":2,\"name\":\"Isen\u00e7\u00e3o de responsabilidade\"}]},{\"@type\":\"WebSite\",\"@id\":\"https:\\\/\\\/sexpositions.club\\\/pt\\\/#website\",\"url\":\"https:\\\/\\\/sexpositions.club\\\/pt\\\/\",\"name\":\"SexPositions.Club (pt)\",\"description\":\"\",\"potentialAction\":[{\"@type\":\"SearchAction\",\"target\":{\"@type\":\"EntryPoint\",\"urlTemplate\":\"https:\\\/\\\/sexpositions.club\\\/pt\\\/?s={search_term_string}\"},\"query-input\":{\"@type\":\"PropertyValueSpecification\",\"valueRequired\":true,\"valueName\":\"search_term_string\"}}],\"inLanguage\":\"pt-PT\"}]}<\/script>\n<!-- \/ Yoast SEO plugin. -->","yoast_head_json":{"title":"Isen\u00e7\u00e3o de responsabilidade | Sexpositions.club","description":"https:\/\/sexpositions.club] n\u00e3o representa ou endossa a precis\u00e3o ou confiabilidade das informa\u00e7\u00f5es, conte\u00fado ou propagandas contidas nesta....","robots":{"index":"index","follow":"follow","max-snippet":"max-snippet:-1","max-image-preview":"max-image-preview:large","max-video-preview":"max-video-preview:-1"},"canonical":"https:\/\/sexpositions.club\/pt\/para-os-usuarios\/isencao-de-responsabilidade","og_locale":"pt_PT","og_type":"article","og_title":"Isen\u00e7\u00e3o de responsabilidade | Sexpositions.club","og_description":"https:\/\/sexpositions.club] n\u00e3o representa ou endossa a precis\u00e3o ou confiabilidade das informa\u00e7\u00f5es, conte\u00fado ou propagandas contidas nesta....","og_url":"https:\/\/sexpositions.club\/pt\/para-os-usuarios\/isencao-de-responsabilidade","og_site_name":"SexPositions.Club (pt)","article_modified_time":"2021-06-05T05:23:38+00:00","og_image":[{"url":"https:\/\/sexpositions.club\/pt\/wp-content\/uploads\/sites\/4\/2016\/04\/for_users.jpg","type":"","width":"","height":""}],"twitter_card":"summary_large_image","twitter_misc":{"Tempo estimado de leitura":"2 minutos"},"schema":{"@context":"https:\/\/schema.org","@graph":[{"@type":"WebPage","@id":"https:\/\/sexpositions.club\/pt\/para-os-usuarios\/isencao-de-responsabilidade","url":"https:\/\/sexpositions.club\/pt\/para-os-usuarios\/isencao-de-responsabilidade","name":"Isen\u00e7\u00e3o de responsabilidade | Sexpositions.club","isPartOf":{"@id":"https:\/\/sexpositions.club\/pt\/#website"},"primaryImageOfPage":{"@id":"https:\/\/sexpositions.club\/pt\/para-os-usuarios\/isencao-de-responsabilidade#primaryimage"},"image":{"@id":"https:\/\/sexpositions.club\/pt\/para-os-usuarios\/isencao-de-responsabilidade#primaryimage"},"thumbnailUrl":"https:\/\/sexpositions.club\/pt\/wp-content\/uploads\/sites\/4\/2016\/04\/for_users.jpg","datePublished":"2016-04-22T08:59:01+00:00","dateModified":"2021-06-05T05:23:38+00:00","description":"https:\/\/sexpositions.club] n\u00e3o representa ou endossa a precis\u00e3o ou confiabilidade das informa\u00e7\u00f5es, conte\u00fado ou propagandas contidas nesta....","breadcrumb":{"@id":"https:\/\/sexpositions.club\/pt\/para-os-usuarios\/isencao-de-responsabilidade#breadcrumb"},"inLanguage":"pt-PT","potentialAction":[{"@type":"ReadAction","target":["https:\/\/sexpositions.club\/pt\/para-os-usuarios\/isencao-de-responsabilidade"]}]},{"@type":"ImageObject","inLanguage":"pt-PT","@id":"https:\/\/sexpositions.club\/pt\/para-os-usuarios\/isencao-de-responsabilidade#primaryimage","url":"https:\/\/sexpositions.club\/pt\/wp-content\/uploads\/sites\/4\/2016\/04\/for_users.jpg","contentUrl":"https:\/\/sexpositions.club\/pt\/wp-content\/uploads\/sites\/4\/2016\/04\/for_users.jpg","width":625,"height":120},{"@type":"BreadcrumbList","@id":"https:\/\/sexpositions.club\/pt\/para-os-usuarios\/isencao-de-responsabilidade#breadcrumb","itemListElement":[{"@type":"ListItem","position":1,"name":"Para os usu\u00e1rios","item":"https:\/\/sexpositions.club\/pt\/para-os-usuarios"},{"@type":"ListItem","position":2,"name":"Isen\u00e7\u00e3o de responsabilidade"}]},{"@type":"WebSite","@id":"https:\/\/sexpositions.club\/pt\/#website","url":"https:\/\/sexpositions.club\/pt\/","name":"SexPositions.Club (pt)","description":"","potentialAction":[{"@type":"SearchAction","target":{"@type":"EntryPoint","urlTemplate":"https:\/\/sexpositions.club\/pt\/?s={search_term_string}"},"query-input":{"@type":"PropertyValueSpecification","valueRequired":true,"valueName":"search_term_string"}}],"inLanguage":"pt-PT"}]}},"_links":{"self":[{"href":"https:\/\/sexpositions.club\/pt\/wp-json\/wp\/v2\/pages\/1400","targetHints":{"allow":["GET"]}}],"collection":[{"href":"https:\/\/sexpositions.club\/pt\/wp-json\/wp\/v2\/pages"}],"about":[{"href":"https:\/\/sexpositions.club\/pt\/wp-json\/wp\/v2\/types\/page"}],"author":[{"embeddable":true,"href":"https:\/\/sexpositions.club\/pt\/wp-json\/wp\/v2\/users\/2"}],"replies":[{"embeddable":true,"href":"https:\/\/sexpositions.club\/pt\/wp-json\/wp\/v2\/comments?post=1400"}],"version-history":[{"count":0,"href":"https:\/\/sexpositions.club\/pt\/wp-json\/wp\/v2\/pages\/1400\/revisions"}],"up":[{"embeddable":true,"href":"https:\/\/sexpositions.club\/pt\/wp-json\/wp\/v2\/pages\/1412"}],"wp:attachment":[{"href":"https:\/\/sexpositions.club\/pt\/wp-json\/wp\/v2\/media?parent=1400"}],"curies":[{"name":"wp","href":"https:\/\/api.w.org\/{rel}","templated":true}]}}