{"id":3347,"date":"2020-05-14T14:17:38","date_gmt":"2020-05-14T12:17:38","guid":{"rendered":"http:\/\/sexpositions.club\/es\/?page_id=3347"},"modified":"2021-05-18T18:42:34","modified_gmt":"2021-05-18T16:42:34","slug":"condiciones-de-uso-de-las-imagenes","status":"publish","type":"page","link":"https:\/\/sexpositions.club\/es\/condiciones-de-uso-de-las-imagenes","title":{"rendered":"Condiciones de uso de las im\u00e1genes"},"content":{"rendered":"<p>Estos t\u00e9rminos y condiciones se aplican a los <strong>sitios web<\/strong> y <strong>canales de YouTube<\/strong> que quieran utilizar nuestras im\u00e1genes de posiciones sexuales en sus art\u00edculos o v\u00eddeos.<\/p>\n<p><strong><span style=\"color: #ff0000;\">Todo el material (textos e im\u00e1genes) est\u00e1 protegido por derechos de autor<\/span>. Puede utilizar nuestras im\u00e1genes en su sitio web o v\u00eddeo de Youtube bajo las siguientes condiciones:<\/strong><\/p>\n<h3>1. Guardar marcas de agua en las im\u00e1genes<\/h3>\n<p>Debe utilizar las im\u00e1genes tal y como est\u00e1n publicadas en el sitio de origen (con todas las marcas de agua).<\/p>\n<p><span itemprop=\"image\" itemscope itemtype=\"https:\/\/schema.org\/ImageObject\"><img itemprop=\"url image\" loading=\"lazy\" decoding=\"async\" class=\"size-full wp-image-3428 aligncenter\" src=\"https:\/\/sexpositions.club\/es\/wp-content\/uploads\/sites\/2\/2021\/02\/wotermark.png\" alt=\"\" width=\"500\" height=\"384\" srcset=\"https:\/\/sexpositions.club\/es\/wp-content\/uploads\/sites\/2\/2021\/02\/wotermark.png 500w, https:\/\/sexpositions.club\/es\/wp-content\/uploads\/sites\/2\/2021\/02\/wotermark-350x269.png 350w, https:\/\/sexpositions.club\/es\/wp-content\/uploads\/sites\/2\/2021\/02\/wotermark-150x115.png 150w\" sizes=\"auto, (max-width: 500px) 100vw, 500px\" \/><meta itemprop=\"width\" content=\"500\"><meta itemprop=\"height\" content=\"384\"><\/span><\/p>\n<h3>2. No m\u00e1s de 7 im\u00e1genes en un art\u00edculo o v\u00eddeo<\/h3>\n<p>Puedes utilizar <strong>hasta 7 im\u00e1genes<\/strong> en un art\u00edculo o v\u00eddeo. En este caso, nuestras im\u00e1genes no deben ser el contenido principal, sino complementario al principal (el tuyo). Si quieres m\u00e1s, por favor <a href=\"https:\/\/sexpositions.club\/es\/para-usuarios\/contacto\">contacta con nosotros<\/a>.<\/p>\n<p><span itemprop=\"image\" itemscope itemtype=\"https:\/\/schema.org\/ImageObject\"><img itemprop=\"url image\" loading=\"lazy\" decoding=\"async\" class=\"aligncenter size-full wp-image-3429\" src=\"https:\/\/sexpositions.club\/es\/wp-content\/uploads\/sites\/2\/2021\/02\/add-your-content.png\" alt=\"\" width=\"500\" height=\"700\" srcset=\"https:\/\/sexpositions.club\/es\/wp-content\/uploads\/sites\/2\/2021\/02\/add-your-content.png 500w, https:\/\/sexpositions.club\/es\/wp-content\/uploads\/sites\/2\/2021\/02\/add-your-content-350x490.png 350w, https:\/\/sexpositions.club\/es\/wp-content\/uploads\/sites\/2\/2021\/02\/add-your-content-150x210.png 150w\" sizes=\"auto, (max-width: 500px) 100vw, 500px\" \/><meta itemprop=\"width\" content=\"500\"><meta itemprop=\"height\" content=\"700\"><\/span><\/p>\n<h3>3. Se requiere un enlace Dofollow a la fuente<\/h3>\n<p>Cada una de nuestras im\u00e1genes que utilices en un art\u00edculo de tu sitio debe tener un enlace (dofollow) a la fuente, es decir, un enlace a la p\u00e1gina espec\u00edfica de nuestro sitio donde se publica la posici\u00f3n sexual con la descripci\u00f3n. Vea a continuaci\u00f3n 4 ejemplos de c\u00f3mo debe ser:<\/p>\n<p>1. Enlace del t\u00edtulo: cuando hace que el t\u00edtulo sea un enlace.<br \/>\n2. Enlace de imagen &#8211; cuando haces que una imagen sea un enlace.<br \/>\n3. Enlace bajo la imagen &#8211; cuando haces un enlace a la fuente bajo la imagen.<br \/>\n4. Enlace en la descripci\u00f3n o en el texto &#8211; cuando menciona la posici\u00f3n sexual en la descripci\u00f3n (texto) y hace que el texto mencionado sea un enlace.<\/p>\n<p>Si utilizas nuestras im\u00e1genes para tus v\u00eddeos de Youtube, debes enlazar con la fuente en la descripci\u00f3n de cada v\u00eddeo.<\/p>\n<p><span itemprop=\"image\" itemscope itemtype=\"https:\/\/schema.org\/ImageObject\"><img itemprop=\"url image\" loading=\"lazy\" decoding=\"async\" class=\"aligncenter size-full wp-image-3430\" src=\"https:\/\/sexpositions.club\/es\/wp-content\/uploads\/sites\/2\/2021\/02\/link-location.png\" alt=\"\" width=\"500\" height=\"526\" srcset=\"https:\/\/sexpositions.club\/es\/wp-content\/uploads\/sites\/2\/2021\/02\/link-location.png 500w, https:\/\/sexpositions.club\/es\/wp-content\/uploads\/sites\/2\/2021\/02\/link-location-350x368.png 350w, https:\/\/sexpositions.club\/es\/wp-content\/uploads\/sites\/2\/2021\/02\/link-location-150x158.png 150w\" sizes=\"auto, (max-width: 500px) 100vw, 500px\" \/><meta itemprop=\"width\" content=\"500\"><meta itemprop=\"height\" content=\"526\"><\/span><\/p>\n<h3>4. Enlace a nuestra p\u00e1gina web (https:\/\/sexpositions.club\/es\/)<\/h3>\n<p>Si utiliza m\u00e1s de una imagen en un art\u00edculo de su sitio web, debe enlazar (dofollow) a Sexpositions.club (https:\/\/sexpositions.club\/es\/) en el cuerpo del art\u00edculo o al final del mismo.<\/p>\n<h4>&#8211; Enlace en el cuerpo del art\u00edculo<\/h4>\n<p>Si hace un enlace en el cuerpo del art\u00edculo, es conveniente que se refiera a nosotros mediante un texto de anclaje:<\/p>\n<blockquote><p>&#8211; Posiciones sexuales<br \/>\n&#8211; Las mejores posturas sexuales<br \/>\n&#8211; Sexpositions.Club<br \/>\n&#8211; Club de Posiciones Sexuales<br \/>\n&#8211; P\u00e1gina web de posiciones sexuales<br \/>\n&#8211; Gu\u00eda de posiciones sexuales<br \/>\n&#8211; Todas las posiciones sexuales<\/p>\n<p><strong>Cualquier texto de anclaje que contenga \u00abPosiciones sexuales\u00bb<\/strong><\/p><\/blockquote>\n<p><span itemprop=\"image\" itemscope itemtype=\"https:\/\/schema.org\/ImageObject\"><img itemprop=\"url image\" loading=\"lazy\" decoding=\"async\" class=\"aligncenter size-full wp-image-3433\" src=\"https:\/\/sexpositions.club\/es\/wp-content\/uploads\/sites\/2\/2021\/02\/link-in-the-body.png\" alt=\"\" width=\"500\" height=\"350\" srcset=\"https:\/\/sexpositions.club\/es\/wp-content\/uploads\/sites\/2\/2021\/02\/link-in-the-body.png 500w, https:\/\/sexpositions.club\/es\/wp-content\/uploads\/sites\/2\/2021\/02\/link-in-the-body-350x245.png 350w, https:\/\/sexpositions.club\/es\/wp-content\/uploads\/sites\/2\/2021\/02\/link-in-the-body-150x105.png 150w\" sizes=\"auto, (max-width: 500px) 100vw, 500px\" \/><meta itemprop=\"width\" content=\"500\"><meta itemprop=\"height\" content=\"350\"><\/span><\/p>\n<h4>&#8211; Enlace al final del art\u00edculo<\/h4>\n<p>Si haces un enlace al final de un art\u00edculo puedes utilizar las siguientes opciones de texto:<\/p>\n<blockquote><p>&#8211; Las im\u00e1genes son proporcionadas por el <a href=\"https:\/\/sexpositions.club\/es\/\">Sexpositions.club<\/a>.<br \/>\n&#8211; El cat\u00e1logo completo de posiciones sexuales se puede ver en <a href=\"https:\/\/sexpositions.club\/es\/\">Sexpositions.club<\/a>.<br \/>\n&#8211; <a href=\"https:\/\/sexpositions.club\/es\/\">Sexpositions.club<\/a> &#8211; todas las posiciones sexuales en un solo lugar.<br \/>\n&#8211; <a href=\"https:\/\/sexpositions.club\/es\/\">Sexpositions.club<\/a> &#8211; la gu\u00eda m\u00e1s completa de posiciones sexuales.<\/p><\/blockquote>\n<p><span itemprop=\"image\" itemscope itemtype=\"https:\/\/schema.org\/ImageObject\"><img itemprop=\"url image\" loading=\"lazy\" decoding=\"async\" class=\"aligncenter size-full wp-image-3431\" src=\"https:\/\/sexpositions.club\/es\/wp-content\/uploads\/sites\/2\/2021\/02\/link-in-the-end.png\" alt=\"\" width=\"500\" height=\"350\" srcset=\"https:\/\/sexpositions.club\/es\/wp-content\/uploads\/sites\/2\/2021\/02\/link-in-the-end.png 500w, https:\/\/sexpositions.club\/es\/wp-content\/uploads\/sites\/2\/2021\/02\/link-in-the-end-350x245.png 350w, https:\/\/sexpositions.club\/es\/wp-content\/uploads\/sites\/2\/2021\/02\/link-in-the-end-150x105.png 150w\" sizes=\"auto, (max-width: 500px) 100vw, 500px\" \/><meta itemprop=\"width\" content=\"500\"><meta itemprop=\"height\" content=\"350\"><\/span><\/p>\n<p>Todos los dem\u00e1s casos de uso deben ser discutidos con nosotros individualmente. Si tiene alguna pregunta puede <a href=\"https:\/\/sexpositions.club\/es\/para-usuarios\/contacto\">escribirnos aqu\u00ed<\/a>.<\/p>\n","protected":false},"excerpt":{"rendered":"<p>Estos t\u00e9rminos y condiciones se aplican a los sitios web y canales de YouTube que quieran utilizar nuestras im\u00e1genes de posiciones sexuales en sus art\u00edculos o v\u00eddeos. Todo el material (textos e im\u00e1genes) est\u00e1 protegido por derechos de autor. Puede utilizar nuestras im\u00e1genes en su sitio web o v\u00eddeo de Youtube bajo las siguientes condiciones: [&hellip;]<\/p>\n","protected":false},"author":2,"featured_media":0,"parent":0,"menu_order":0,"comment_status":"closed","ping_status":"closed","template":"","meta":{"_acf_changed":false,"footnotes":""},"class_list":["post-3347","page","type-page","status-publish",""],"acf":[],"yoast_head":"<!-- This site is optimized with the Yoast SEO plugin v27.4 - https:\/\/yoast.com\/product\/yoast-seo-wordpress\/ -->\n<title>C\u00f3mo utilizar las im\u00e1genes de Sexpositions.club en su sitio web | T\u00e9rminos y condiciones<\/title>\n<meta name=\"description\" content=\"Estos t\u00e9rminos y condiciones se aplican \u00fanicamente a los sitios web que desean utilizar im\u00e1genes de SexPositions.club en sus art\u00edculos.\" \/>\n<meta name=\"robots\" content=\"index, follow, max-snippet:-1, max-image-preview:large, max-video-preview:-1\" \/>\n<link rel=\"canonical\" href=\"https:\/\/sexpositions.club\/es\/condiciones-de-uso-de-las-imagenes\" \/>\n<meta property=\"og:locale\" content=\"es_ES\" \/>\n<meta property=\"og:type\" content=\"article\" \/>\n<meta property=\"og:title\" content=\"C\u00f3mo utilizar las im\u00e1genes de Sexpositions.club en su sitio web | T\u00e9rminos y condiciones\" \/>\n<meta property=\"og:description\" content=\"Estos t\u00e9rminos y condiciones se aplican \u00fanicamente a los sitios web que desean utilizar im\u00e1genes de SexPositions.club en sus art\u00edculos.\" \/>\n<meta property=\"og:url\" content=\"https:\/\/sexpositions.club\/es\/condiciones-de-uso-de-las-imagenes\" \/>\n<meta property=\"og:site_name\" content=\"SexPositions.Club (es)\" \/>\n<meta property=\"article:modified_time\" content=\"2021-05-18T16:42:34+00:00\" \/>\n<meta property=\"og:image\" content=\"https:\/\/sexpositions.club\/es\/wp-content\/uploads\/sites\/2\/2021\/02\/wotermark.png\" \/>\n<meta name=\"twitter:card\" content=\"summary_large_image\" \/>\n<meta name=\"twitter:label1\" content=\"Tiempo de lectura\" \/>\n\t<meta name=\"twitter:data1\" content=\"3 minutos\" \/>\n<script type=\"application\/ld+json\" class=\"yoast-schema-graph\">{\"@context\":\"https:\\\/\\\/schema.org\",\"@graph\":[{\"@type\":\"WebPage\",\"@id\":\"https:\\\/\\\/sexpositions.club\\\/es\\\/condiciones-de-uso-de-las-imagenes\",\"url\":\"https:\\\/\\\/sexpositions.club\\\/es\\\/condiciones-de-uso-de-las-imagenes\",\"name\":\"C\u00f3mo utilizar las im\u00e1genes de Sexpositions.club en su sitio web | T\u00e9rminos y condiciones\",\"isPartOf\":{\"@id\":\"https:\\\/\\\/sexpositions.club\\\/es\\\/#website\"},\"primaryImageOfPage\":{\"@id\":\"https:\\\/\\\/sexpositions.club\\\/es\\\/condiciones-de-uso-de-las-imagenes#primaryimage\"},\"image\":{\"@id\":\"https:\\\/\\\/sexpositions.club\\\/es\\\/condiciones-de-uso-de-las-imagenes#primaryimage\"},\"thumbnailUrl\":\"https:\\\/\\\/sexpositions.club\\\/es\\\/wp-content\\\/uploads\\\/sites\\\/2\\\/2021\\\/02\\\/wotermark.png\",\"datePublished\":\"2020-05-14T12:17:38+00:00\",\"dateModified\":\"2021-05-18T16:42:34+00:00\",\"description\":\"Estos t\u00e9rminos y condiciones se aplican \u00fanicamente a los sitios web que desean utilizar im\u00e1genes de SexPositions.club en sus art\u00edculos.\",\"inLanguage\":\"es\",\"potentialAction\":[{\"@type\":\"ReadAction\",\"target\":[\"https:\\\/\\\/sexpositions.club\\\/es\\\/condiciones-de-uso-de-las-imagenes\"]}]},{\"@type\":\"ImageObject\",\"inLanguage\":\"es\",\"@id\":\"https:\\\/\\\/sexpositions.club\\\/es\\\/condiciones-de-uso-de-las-imagenes#primaryimage\",\"url\":\"https:\\\/\\\/sexpositions.club\\\/es\\\/wp-content\\\/uploads\\\/sites\\\/2\\\/2021\\\/02\\\/wotermark.png\",\"contentUrl\":\"https:\\\/\\\/sexpositions.club\\\/es\\\/wp-content\\\/uploads\\\/sites\\\/2\\\/2021\\\/02\\\/wotermark.png\",\"width\":500,\"height\":384},{\"@type\":\"WebSite\",\"@id\":\"https:\\\/\\\/sexpositions.club\\\/es\\\/#website\",\"url\":\"https:\\\/\\\/sexpositions.club\\\/es\\\/\",\"name\":\"SexPositions.Club (es)\",\"description\":\"\",\"potentialAction\":[{\"@type\":\"SearchAction\",\"target\":{\"@type\":\"EntryPoint\",\"urlTemplate\":\"https:\\\/\\\/sexpositions.club\\\/es\\\/?s={search_term_string}\"},\"query-input\":{\"@type\":\"PropertyValueSpecification\",\"valueRequired\":true,\"valueName\":\"search_term_string\"}}],\"inLanguage\":\"es\"}]}<\/script>\n<!-- \/ Yoast SEO plugin. -->","yoast_head_json":{"title":"C\u00f3mo utilizar las im\u00e1genes de Sexpositions.club en su sitio web | T\u00e9rminos y condiciones","description":"Estos t\u00e9rminos y condiciones se aplican \u00fanicamente a los sitios web que desean utilizar im\u00e1genes de SexPositions.club en sus art\u00edculos.","robots":{"index":"index","follow":"follow","max-snippet":"max-snippet:-1","max-image-preview":"max-image-preview:large","max-video-preview":"max-video-preview:-1"},"canonical":"https:\/\/sexpositions.club\/es\/condiciones-de-uso-de-las-imagenes","og_locale":"es_ES","og_type":"article","og_title":"C\u00f3mo utilizar las im\u00e1genes de Sexpositions.club en su sitio web | T\u00e9rminos y condiciones","og_description":"Estos t\u00e9rminos y condiciones se aplican \u00fanicamente a los sitios web que desean utilizar im\u00e1genes de SexPositions.club en sus art\u00edculos.","og_url":"https:\/\/sexpositions.club\/es\/condiciones-de-uso-de-las-imagenes","og_site_name":"SexPositions.Club (es)","article_modified_time":"2021-05-18T16:42:34+00:00","og_image":[{"url":"https:\/\/sexpositions.club\/es\/wp-content\/uploads\/sites\/2\/2021\/02\/wotermark.png","type":"","width":"","height":""}],"twitter_card":"summary_large_image","twitter_misc":{"Tiempo de lectura":"3 minutos"},"schema":{"@context":"https:\/\/schema.org","@graph":[{"@type":"WebPage","@id":"https:\/\/sexpositions.club\/es\/condiciones-de-uso-de-las-imagenes","url":"https:\/\/sexpositions.club\/es\/condiciones-de-uso-de-las-imagenes","name":"C\u00f3mo utilizar las im\u00e1genes de Sexpositions.club en su sitio web | T\u00e9rminos y condiciones","isPartOf":{"@id":"https:\/\/sexpositions.club\/es\/#website"},"primaryImageOfPage":{"@id":"https:\/\/sexpositions.club\/es\/condiciones-de-uso-de-las-imagenes#primaryimage"},"image":{"@id":"https:\/\/sexpositions.club\/es\/condiciones-de-uso-de-las-imagenes#primaryimage"},"thumbnailUrl":"https:\/\/sexpositions.club\/es\/wp-content\/uploads\/sites\/2\/2021\/02\/wotermark.png","datePublished":"2020-05-14T12:17:38+00:00","dateModified":"2021-05-18T16:42:34+00:00","description":"Estos t\u00e9rminos y condiciones se aplican \u00fanicamente a los sitios web que desean utilizar im\u00e1genes de SexPositions.club en sus art\u00edculos.","inLanguage":"es","potentialAction":[{"@type":"ReadAction","target":["https:\/\/sexpositions.club\/es\/condiciones-de-uso-de-las-imagenes"]}]},{"@type":"ImageObject","inLanguage":"es","@id":"https:\/\/sexpositions.club\/es\/condiciones-de-uso-de-las-imagenes#primaryimage","url":"https:\/\/sexpositions.club\/es\/wp-content\/uploads\/sites\/2\/2021\/02\/wotermark.png","contentUrl":"https:\/\/sexpositions.club\/es\/wp-content\/uploads\/sites\/2\/2021\/02\/wotermark.png","width":500,"height":384},{"@type":"WebSite","@id":"https:\/\/sexpositions.club\/es\/#website","url":"https:\/\/sexpositions.club\/es\/","name":"SexPositions.Club (es)","description":"","potentialAction":[{"@type":"SearchAction","target":{"@type":"EntryPoint","urlTemplate":"https:\/\/sexpositions.club\/es\/?s={search_term_string}"},"query-input":{"@type":"PropertyValueSpecification","valueRequired":true,"valueName":"search_term_string"}}],"inLanguage":"es"}]}},"_links":{"self":[{"href":"https:\/\/sexpositions.club\/es\/wp-json\/wp\/v2\/pages\/3347","targetHints":{"allow":["GET"]}}],"collection":[{"href":"https:\/\/sexpositions.club\/es\/wp-json\/wp\/v2\/pages"}],"about":[{"href":"https:\/\/sexpositions.club\/es\/wp-json\/wp\/v2\/types\/page"}],"author":[{"embeddable":true,"href":"https:\/\/sexpositions.club\/es\/wp-json\/wp\/v2\/users\/2"}],"replies":[{"embeddable":true,"href":"https:\/\/sexpositions.club\/es\/wp-json\/wp\/v2\/comments?post=3347"}],"version-history":[{"count":0,"href":"https:\/\/sexpositions.club\/es\/wp-json\/wp\/v2\/pages\/3347\/revisions"}],"wp:attachment":[{"href":"https:\/\/sexpositions.club\/es\/wp-json\/wp\/v2\/media?parent=3347"}],"curies":[{"name":"wp","href":"https:\/\/api.w.org\/{rel}","templated":true}]}}