{"id":1404,"date":"2016-04-22T11:43:15","date_gmt":"2016-04-22T09:43:15","guid":{"rendered":"http:\/\/sexpositions.club\/es\/?page_id=1404"},"modified":"2021-05-18T18:17:56","modified_gmt":"2021-05-18T16:17:56","slug":"politica-de-privacidad","status":"publish","type":"page","link":"https:\/\/sexpositions.club\/es\/para-usuarios\/politica-de-privacidad","title":{"rendered":"Pol\u00edtica de privacidad"},"content":{"rendered":"<p><span itemprop=\"image\" itemscope itemtype=\"https:\/\/schema.org\/ImageObject\"><img itemprop=\"url image\" loading=\"lazy\" decoding=\"async\" class=\"aligncenter wp-image-1415 size-full\" src=\"https:\/\/sexpositions.club\/es\/wp-content\/uploads\/sites\/2\/2016\/04\/for_users.jpg\" alt=\"Para usuarios Sexpositions.club\" width=\"625\" height=\"120\" srcset=\"https:\/\/sexpositions.club\/es\/wp-content\/uploads\/sites\/2\/2016\/04\/for_users.jpg 625w, https:\/\/sexpositions.club\/es\/wp-content\/uploads\/sites\/2\/2016\/04\/for_users-350x67.jpg 350w, https:\/\/sexpositions.club\/es\/wp-content\/uploads\/sites\/2\/2016\/04\/for_users-150x29.jpg 150w\" sizes=\"auto, (max-width: 625px) 100vw, 625px\" \/><meta itemprop=\"width\" content=\"625\"><meta itemprop=\"height\" content=\"120\"><\/span><\/p>\n<p>El propietario de este sitio [https:\/\/sexpositions.club] no comparte informaci\u00f3n personal con terceros ni almacena la informaci\u00f3n recopilada sobre su visita para su uso, salvo para analizar el rendimiento de los contenidos mediante el uso de cookies, que puede desactivar en cualquier momento modificando la configuraci\u00f3n de su navegador de Internet. El propietario no se hace responsable de la reedici\u00f3n de los contenidos de este blog en otros sitios web o medios de comunicaci\u00f3n sin autorizaci\u00f3n.<\/p>\n<h3>Pol\u00edtica de comentarios del blog<\/h3>\n<p>Es posible que tenga que introducir su correo electr\u00f3nico y su nombre para hacer un comentario en este blog. Tenga la seguridad de que su direcci\u00f3n de correo electr\u00f3nico nunca se utilizar\u00e1 para ning\u00fan otro fin que no sea responder a sus comentarios y nunca se har\u00e1 p\u00fablica. Su direcci\u00f3n de correo electr\u00f3nico nunca ser\u00e1 vendida ni cedida a ning\u00fan servicio de terceros.<\/p>\n<p>El propietario de este blog se reserva el derecho de editar o eliminar cualquier comentario enviado a este blog sin previo aviso debido a;<\/p>\n<ul>\n<li>Comentarios considerados como spam o spam dudoso<\/li>\n<li>Comentarios que incluyan blasfemias<\/li>\n<li>Comentarios que contengan lenguaje o conceptos que puedan ser considerados ofensivos<\/li>\n<li>Comentarios que atacan a una persona individualmente<\/li>\n<\/ul>\n<p>Esta pol\u00edtica de privacidad est\u00e1 sujeta a cambios sin previo aviso y fue actualizada por \u00faltima vez el 25 de abril de 2016. Si tiene alguna pregunta no dude en ponerse en contacto con nosotros.<\/p>\n<div class=\"post-tags\"><span id=\"tag_cat\">For Users: <a href=\"https:\/\/sexpositions.club\/es\/para-usuarios\/condiciones-de-uso\">Condiciones de uso<\/a> <a href=\"https:\/\/sexpositions.club\/es\/para-usuarios\/descargo-de-responsabilidad\">Descargo de responsabilidad<\/a> <a href=\"https:\/\/sexpositions.club\/es\/para-usuarios\/contacto\">Contacto<\/a><\/span><\/div>\n","protected":false},"excerpt":{"rendered":"<p>El propietario de este sitio [https:\/\/sexpositions.club] no comparte informaci\u00f3n personal con terceros ni almacena la informaci\u00f3n recopilada sobre su visita para su uso, salvo para analizar el rendimiento de los contenidos mediante el uso de cookies, que puede desactivar en cualquier momento modificando la configuraci\u00f3n de su navegador de Internet. El propietario no se hace [&hellip;]<\/p>\n","protected":false},"author":2,"featured_media":0,"parent":1412,"menu_order":0,"comment_status":"closed","ping_status":"closed","template":"","meta":{"_acf_changed":false,"footnotes":""},"class_list":["post-1404","page","type-page","status-publish",""],"acf":[],"yoast_head":"<!-- This site is optimized with the Yoast SEO plugin v25.4 - https:\/\/yoast.com\/wordpress\/plugins\/seo\/ -->\n<title>Pol\u00edtica de privacidad | Sexpositions.club<\/title>\n<meta name=\"description\" content=\"El propietario de este sitio [https:\/\/sexpositions.club] no comparte informaci\u00f3n personal con terceros ni almacena la informaci\u00f3n recopilada...\" \/>\n<meta name=\"robots\" content=\"index, follow, max-snippet:-1, max-image-preview:large, max-video-preview:-1\" \/>\n<link rel=\"canonical\" href=\"https:\/\/sexpositions.club\/es\/para-usuarios\/politica-de-privacidad\" \/>\n<meta property=\"og:locale\" content=\"es_ES\" \/>\n<meta property=\"og:type\" content=\"article\" \/>\n<meta property=\"og:title\" content=\"Pol\u00edtica de privacidad | Sexpositions.club\" \/>\n<meta property=\"og:description\" content=\"El propietario de este sitio [https:\/\/sexpositions.club] no comparte informaci\u00f3n personal con terceros ni almacena la informaci\u00f3n recopilada...\" \/>\n<meta property=\"og:url\" content=\"https:\/\/sexpositions.club\/es\/para-usuarios\/politica-de-privacidad\" \/>\n<meta property=\"og:site_name\" content=\"SexPositions.Club (es)\" \/>\n<meta property=\"article:modified_time\" content=\"2021-05-18T16:17:56+00:00\" \/>\n<meta property=\"og:image\" content=\"https:\/\/sexpositions.club\/es\/wp-content\/uploads\/sites\/2\/2016\/04\/for_users.jpg\" \/>\n<meta name=\"twitter:card\" content=\"summary_large_image\" \/>\n<meta name=\"twitter:label1\" content=\"Tiempo de lectura\" \/>\n\t<meta name=\"twitter:data1\" content=\"2 minutos\" \/>\n<script type=\"application\/ld+json\" class=\"yoast-schema-graph\">{\"@context\":\"https:\/\/schema.org\",\"@graph\":[{\"@type\":\"WebPage\",\"@id\":\"https:\/\/sexpositions.club\/es\/para-usuarios\/politica-de-privacidad\",\"url\":\"https:\/\/sexpositions.club\/es\/para-usuarios\/politica-de-privacidad\",\"name\":\"Pol\u00edtica de privacidad | Sexpositions.club\",\"isPartOf\":{\"@id\":\"https:\/\/sexpositions.club\/es\/#website\"},\"primaryImageOfPage\":{\"@id\":\"https:\/\/sexpositions.club\/es\/para-usuarios\/politica-de-privacidad#primaryimage\"},\"image\":{\"@id\":\"https:\/\/sexpositions.club\/es\/para-usuarios\/politica-de-privacidad#primaryimage\"},\"thumbnailUrl\":\"https:\/\/sexpositions.club\/es\/wp-content\/uploads\/sites\/2\/2016\/04\/for_users.jpg\",\"datePublished\":\"2016-04-22T09:43:15+00:00\",\"dateModified\":\"2021-05-18T16:17:56+00:00\",\"description\":\"El propietario de este sitio [https:\/\/sexpositions.club] no comparte informaci\u00f3n personal con terceros ni almacena la informaci\u00f3n recopilada...\",\"breadcrumb\":{\"@id\":\"https:\/\/sexpositions.club\/es\/para-usuarios\/politica-de-privacidad#breadcrumb\"},\"inLanguage\":\"es\",\"potentialAction\":[{\"@type\":\"ReadAction\",\"target\":[\"https:\/\/sexpositions.club\/es\/para-usuarios\/politica-de-privacidad\"]}]},{\"@type\":\"ImageObject\",\"inLanguage\":\"es\",\"@id\":\"https:\/\/sexpositions.club\/es\/para-usuarios\/politica-de-privacidad#primaryimage\",\"url\":\"https:\/\/sexpositions.club\/es\/wp-content\/uploads\/sites\/2\/2016\/04\/for_users.jpg\",\"contentUrl\":\"https:\/\/sexpositions.club\/es\/wp-content\/uploads\/sites\/2\/2016\/04\/for_users.jpg\",\"width\":625,\"height\":120},{\"@type\":\"BreadcrumbList\",\"@id\":\"https:\/\/sexpositions.club\/es\/para-usuarios\/politica-de-privacidad#breadcrumb\",\"itemListElement\":[{\"@type\":\"ListItem\",\"position\":1,\"name\":\"Para usuarios\",\"item\":\"https:\/\/sexpositions.club\/es\/para-usuarios\"},{\"@type\":\"ListItem\",\"position\":2,\"name\":\"Pol\u00edtica de privacidad\"}]},{\"@type\":\"WebSite\",\"@id\":\"https:\/\/sexpositions.club\/es\/#website\",\"url\":\"https:\/\/sexpositions.club\/es\/\",\"name\":\"SexPositions.Club (es)\",\"description\":\"\",\"potentialAction\":[{\"@type\":\"SearchAction\",\"target\":{\"@type\":\"EntryPoint\",\"urlTemplate\":\"https:\/\/sexpositions.club\/es\/?s={search_term_string}\"},\"query-input\":{\"@type\":\"PropertyValueSpecification\",\"valueRequired\":true,\"valueName\":\"search_term_string\"}}],\"inLanguage\":\"es\"}]}<\/script>\n<!-- \/ Yoast SEO plugin. -->","yoast_head_json":{"title":"Pol\u00edtica de privacidad | Sexpositions.club","description":"El propietario de este sitio [https:\/\/sexpositions.club] no comparte informaci\u00f3n personal con terceros ni almacena la informaci\u00f3n recopilada...","robots":{"index":"index","follow":"follow","max-snippet":"max-snippet:-1","max-image-preview":"max-image-preview:large","max-video-preview":"max-video-preview:-1"},"canonical":"https:\/\/sexpositions.club\/es\/para-usuarios\/politica-de-privacidad","og_locale":"es_ES","og_type":"article","og_title":"Pol\u00edtica de privacidad | Sexpositions.club","og_description":"El propietario de este sitio [https:\/\/sexpositions.club] no comparte informaci\u00f3n personal con terceros ni almacena la informaci\u00f3n recopilada...","og_url":"https:\/\/sexpositions.club\/es\/para-usuarios\/politica-de-privacidad","og_site_name":"SexPositions.Club (es)","article_modified_time":"2021-05-18T16:17:56+00:00","og_image":[{"url":"https:\/\/sexpositions.club\/es\/wp-content\/uploads\/sites\/2\/2016\/04\/for_users.jpg","type":"","width":"","height":""}],"twitter_card":"summary_large_image","twitter_misc":{"Tiempo de lectura":"2 minutos"},"schema":{"@context":"https:\/\/schema.org","@graph":[{"@type":"WebPage","@id":"https:\/\/sexpositions.club\/es\/para-usuarios\/politica-de-privacidad","url":"https:\/\/sexpositions.club\/es\/para-usuarios\/politica-de-privacidad","name":"Pol\u00edtica de privacidad | Sexpositions.club","isPartOf":{"@id":"https:\/\/sexpositions.club\/es\/#website"},"primaryImageOfPage":{"@id":"https:\/\/sexpositions.club\/es\/para-usuarios\/politica-de-privacidad#primaryimage"},"image":{"@id":"https:\/\/sexpositions.club\/es\/para-usuarios\/politica-de-privacidad#primaryimage"},"thumbnailUrl":"https:\/\/sexpositions.club\/es\/wp-content\/uploads\/sites\/2\/2016\/04\/for_users.jpg","datePublished":"2016-04-22T09:43:15+00:00","dateModified":"2021-05-18T16:17:56+00:00","description":"El propietario de este sitio [https:\/\/sexpositions.club] no comparte informaci\u00f3n personal con terceros ni almacena la informaci\u00f3n recopilada...","breadcrumb":{"@id":"https:\/\/sexpositions.club\/es\/para-usuarios\/politica-de-privacidad#breadcrumb"},"inLanguage":"es","potentialAction":[{"@type":"ReadAction","target":["https:\/\/sexpositions.club\/es\/para-usuarios\/politica-de-privacidad"]}]},{"@type":"ImageObject","inLanguage":"es","@id":"https:\/\/sexpositions.club\/es\/para-usuarios\/politica-de-privacidad#primaryimage","url":"https:\/\/sexpositions.club\/es\/wp-content\/uploads\/sites\/2\/2016\/04\/for_users.jpg","contentUrl":"https:\/\/sexpositions.club\/es\/wp-content\/uploads\/sites\/2\/2016\/04\/for_users.jpg","width":625,"height":120},{"@type":"BreadcrumbList","@id":"https:\/\/sexpositions.club\/es\/para-usuarios\/politica-de-privacidad#breadcrumb","itemListElement":[{"@type":"ListItem","position":1,"name":"Para usuarios","item":"https:\/\/sexpositions.club\/es\/para-usuarios"},{"@type":"ListItem","position":2,"name":"Pol\u00edtica de privacidad"}]},{"@type":"WebSite","@id":"https:\/\/sexpositions.club\/es\/#website","url":"https:\/\/sexpositions.club\/es\/","name":"SexPositions.Club (es)","description":"","potentialAction":[{"@type":"SearchAction","target":{"@type":"EntryPoint","urlTemplate":"https:\/\/sexpositions.club\/es\/?s={search_term_string}"},"query-input":{"@type":"PropertyValueSpecification","valueRequired":true,"valueName":"search_term_string"}}],"inLanguage":"es"}]}},"_links":{"self":[{"href":"https:\/\/sexpositions.club\/es\/wp-json\/wp\/v2\/pages\/1404","targetHints":{"allow":["GET"]}}],"collection":[{"href":"https:\/\/sexpositions.club\/es\/wp-json\/wp\/v2\/pages"}],"about":[{"href":"https:\/\/sexpositions.club\/es\/wp-json\/wp\/v2\/types\/page"}],"author":[{"embeddable":true,"href":"https:\/\/sexpositions.club\/es\/wp-json\/wp\/v2\/users\/2"}],"replies":[{"embeddable":true,"href":"https:\/\/sexpositions.club\/es\/wp-json\/wp\/v2\/comments?post=1404"}],"version-history":[{"count":0,"href":"https:\/\/sexpositions.club\/es\/wp-json\/wp\/v2\/pages\/1404\/revisions"}],"up":[{"embeddable":true,"href":"https:\/\/sexpositions.club\/es\/wp-json\/wp\/v2\/pages\/1412"}],"wp:attachment":[{"href":"https:\/\/sexpositions.club\/es\/wp-json\/wp\/v2\/media?parent=1404"}],"curies":[{"name":"wp","href":"https:\/\/api.w.org\/{rel}","templated":true}]}}