{"id":1402,"date":"2016-04-22T11:31:47","date_gmt":"2016-04-22T09:31:47","guid":{"rendered":"http:\/\/sexpositions.club\/es\/?page_id=1402"},"modified":"2021-05-18T18:18:43","modified_gmt":"2021-05-18T16:18:43","slug":"condiciones-de-uso","status":"publish","type":"page","link":"https:\/\/sexpositions.club\/es\/para-usuarios\/condiciones-de-uso","title":{"rendered":"Condiciones de uso"},"content":{"rendered":"<p><span itemprop=\"image\" itemscope itemtype=\"https:\/\/schema.org\/ImageObject\"><img itemprop=\"url image\" loading=\"lazy\" decoding=\"async\" class=\"aligncenter wp-image-1415 size-full\" src=\"https:\/\/sexpositions.club\/es\/wp-content\/uploads\/sites\/2\/2016\/04\/for_users.jpg\" alt=\"Para usuarios Sexpositions.club\" width=\"625\" height=\"120\" srcset=\"https:\/\/sexpositions.club\/es\/wp-content\/uploads\/sites\/2\/2016\/04\/for_users.jpg 625w, https:\/\/sexpositions.club\/es\/wp-content\/uploads\/sites\/2\/2016\/04\/for_users-350x67.jpg 350w, https:\/\/sexpositions.club\/es\/wp-content\/uploads\/sites\/2\/2016\/04\/for_users-150x29.jpg 150w\" sizes=\"auto, (max-width: 625px) 100vw, 625px\" \/><meta itemprop=\"width\" content=\"625\"><meta itemprop=\"height\" content=\"120\"><\/span><\/p>\n<p>Todo el contenido proporcionado en [https:\/\/sexpositions.club] es s\u00f3lo para fines informativos. El propietario de este blog no se hace responsable de la exactitud o integridad de la informaci\u00f3n que aparece en este sitio o que se encuentra al seguir cualquier enlace de este sitio.<\/p>\n<p>El propietario de [https:\/\/sexpositions.club] no se responsabiliza de los errores u omisiones de esta informaci\u00f3n ni de la disponibilidad de la misma. El propietario no ser\u00e1 responsable de ninguna p\u00e9rdida, lesi\u00f3n o da\u00f1o derivado de la visualizaci\u00f3n o el uso de esta informaci\u00f3n.<\/p>\n<p>Estos t\u00e9rminos y condiciones est\u00e1n sujetos a cambios en cualquier momento con o sin previo aviso.<\/p>\n<div class=\"post-tags\"><span id=\"tag_cat\">For Users: <a href=\"https:\/\/sexpositions.club\/es\/para-usuarios\/politica-de-privacidad\">Pol\u00edtica de privacidad<\/a> <a href=\"https:\/\/sexpositions.club\/es\/para-usuarios\/descargo-de-responsabilidad\">Descargo de responsabilidad<\/a> <a href=\"https:\/\/sexpositions.club\/es\/para-usuarios\/contacto\">Contacto<\/a><\/span><\/div>\n","protected":false},"excerpt":{"rendered":"<p>Todo el contenido proporcionado en [https:\/\/sexpositions.club] es s\u00f3lo para fines informativos. El propietario de este blog no se hace responsable de la exactitud o integridad de la informaci\u00f3n que aparece en este sitio o que se encuentra al seguir cualquier enlace de este sitio. El propietario de [https:\/\/sexpositions.club] no se responsabiliza de los errores u [&hellip;]<\/p>\n","protected":false},"author":2,"featured_media":0,"parent":1412,"menu_order":0,"comment_status":"closed","ping_status":"closed","template":"","meta":{"_acf_changed":false,"footnotes":""},"class_list":["post-1402","page","type-page","status-publish",""],"acf":[],"yoast_head":"<!-- This site is optimized with the Yoast SEO plugin v25.4 - https:\/\/yoast.com\/wordpress\/plugins\/seo\/ -->\n<title>Terms And Conditions Of Use | sexpositions.club\/es\/<\/title>\n<meta name=\"description\" content=\"All content provided on [https:\/\/sexpositions.club] is for informational purposes only. The owner of this blog makes no representations as to the accuracy...\" \/>\n<meta name=\"robots\" content=\"index, follow, max-snippet:-1, max-image-preview:large, max-video-preview:-1\" \/>\n<link rel=\"canonical\" href=\"https:\/\/sexpositions.club\/es\/para-usuarios\/condiciones-de-uso\" \/>\n<meta property=\"og:locale\" content=\"es_ES\" \/>\n<meta property=\"og:type\" content=\"article\" \/>\n<meta property=\"og:title\" content=\"Terms And Conditions Of Use | sexpositions.club\/es\/\" \/>\n<meta property=\"og:description\" content=\"All content provided on [https:\/\/sexpositions.club] is for informational purposes only. The owner of this blog makes no representations as to the accuracy...\" \/>\n<meta property=\"og:url\" content=\"https:\/\/sexpositions.club\/es\/para-usuarios\/condiciones-de-uso\" \/>\n<meta property=\"og:site_name\" content=\"SexPositions.Club (es)\" \/>\n<meta property=\"article:modified_time\" content=\"2021-05-18T16:18:43+00:00\" \/>\n<meta property=\"og:image\" content=\"https:\/\/sexpositions.club\/es\/wp-content\/uploads\/sites\/2\/2016\/04\/for_users.jpg\" \/>\n<meta name=\"twitter:card\" content=\"summary_large_image\" \/>\n<meta name=\"twitter:label1\" content=\"Tiempo de lectura\" \/>\n\t<meta name=\"twitter:data1\" content=\"1 minuto\" \/>\n<script type=\"application\/ld+json\" class=\"yoast-schema-graph\">{\"@context\":\"https:\/\/schema.org\",\"@graph\":[{\"@type\":\"WebPage\",\"@id\":\"https:\/\/sexpositions.club\/es\/para-usuarios\/condiciones-de-uso\",\"url\":\"https:\/\/sexpositions.club\/es\/para-usuarios\/condiciones-de-uso\",\"name\":\"Terms And Conditions Of Use | sexpositions.club\/es\/\",\"isPartOf\":{\"@id\":\"https:\/\/sexpositions.club\/es\/#website\"},\"primaryImageOfPage\":{\"@id\":\"https:\/\/sexpositions.club\/es\/para-usuarios\/condiciones-de-uso#primaryimage\"},\"image\":{\"@id\":\"https:\/\/sexpositions.club\/es\/para-usuarios\/condiciones-de-uso#primaryimage\"},\"thumbnailUrl\":\"https:\/\/sexpositions.club\/es\/wp-content\/uploads\/sites\/2\/2016\/04\/for_users.jpg\",\"datePublished\":\"2016-04-22T09:31:47+00:00\",\"dateModified\":\"2021-05-18T16:18:43+00:00\",\"description\":\"All content provided on [https:\/\/sexpositions.club] is for informational purposes only. The owner of this blog makes no representations as to the accuracy...\",\"breadcrumb\":{\"@id\":\"https:\/\/sexpositions.club\/es\/para-usuarios\/condiciones-de-uso#breadcrumb\"},\"inLanguage\":\"es\",\"potentialAction\":[{\"@type\":\"ReadAction\",\"target\":[\"https:\/\/sexpositions.club\/es\/para-usuarios\/condiciones-de-uso\"]}]},{\"@type\":\"ImageObject\",\"inLanguage\":\"es\",\"@id\":\"https:\/\/sexpositions.club\/es\/para-usuarios\/condiciones-de-uso#primaryimage\",\"url\":\"https:\/\/sexpositions.club\/es\/wp-content\/uploads\/sites\/2\/2016\/04\/for_users.jpg\",\"contentUrl\":\"https:\/\/sexpositions.club\/es\/wp-content\/uploads\/sites\/2\/2016\/04\/for_users.jpg\",\"width\":625,\"height\":120},{\"@type\":\"BreadcrumbList\",\"@id\":\"https:\/\/sexpositions.club\/es\/para-usuarios\/condiciones-de-uso#breadcrumb\",\"itemListElement\":[{\"@type\":\"ListItem\",\"position\":1,\"name\":\"Para usuarios\",\"item\":\"https:\/\/sexpositions.club\/es\/para-usuarios\"},{\"@type\":\"ListItem\",\"position\":2,\"name\":\"Condiciones de uso\"}]},{\"@type\":\"WebSite\",\"@id\":\"https:\/\/sexpositions.club\/es\/#website\",\"url\":\"https:\/\/sexpositions.club\/es\/\",\"name\":\"SexPositions.Club (es)\",\"description\":\"\",\"potentialAction\":[{\"@type\":\"SearchAction\",\"target\":{\"@type\":\"EntryPoint\",\"urlTemplate\":\"https:\/\/sexpositions.club\/es\/?s={search_term_string}\"},\"query-input\":{\"@type\":\"PropertyValueSpecification\",\"valueRequired\":true,\"valueName\":\"search_term_string\"}}],\"inLanguage\":\"es\"}]}<\/script>\n<!-- \/ Yoast SEO plugin. -->","yoast_head_json":{"title":"Terms And Conditions Of Use | sexpositions.club\/es\/","description":"All content provided on [https:\/\/sexpositions.club] is for informational purposes only. The owner of this blog makes no representations as to the accuracy...","robots":{"index":"index","follow":"follow","max-snippet":"max-snippet:-1","max-image-preview":"max-image-preview:large","max-video-preview":"max-video-preview:-1"},"canonical":"https:\/\/sexpositions.club\/es\/para-usuarios\/condiciones-de-uso","og_locale":"es_ES","og_type":"article","og_title":"Terms And Conditions Of Use | sexpositions.club\/es\/","og_description":"All content provided on [https:\/\/sexpositions.club] is for informational purposes only. The owner of this blog makes no representations as to the accuracy...","og_url":"https:\/\/sexpositions.club\/es\/para-usuarios\/condiciones-de-uso","og_site_name":"SexPositions.Club (es)","article_modified_time":"2021-05-18T16:18:43+00:00","og_image":[{"url":"https:\/\/sexpositions.club\/es\/wp-content\/uploads\/sites\/2\/2016\/04\/for_users.jpg","type":"","width":"","height":""}],"twitter_card":"summary_large_image","twitter_misc":{"Tiempo de lectura":"1 minuto"},"schema":{"@context":"https:\/\/schema.org","@graph":[{"@type":"WebPage","@id":"https:\/\/sexpositions.club\/es\/para-usuarios\/condiciones-de-uso","url":"https:\/\/sexpositions.club\/es\/para-usuarios\/condiciones-de-uso","name":"Terms And Conditions Of Use | sexpositions.club\/es\/","isPartOf":{"@id":"https:\/\/sexpositions.club\/es\/#website"},"primaryImageOfPage":{"@id":"https:\/\/sexpositions.club\/es\/para-usuarios\/condiciones-de-uso#primaryimage"},"image":{"@id":"https:\/\/sexpositions.club\/es\/para-usuarios\/condiciones-de-uso#primaryimage"},"thumbnailUrl":"https:\/\/sexpositions.club\/es\/wp-content\/uploads\/sites\/2\/2016\/04\/for_users.jpg","datePublished":"2016-04-22T09:31:47+00:00","dateModified":"2021-05-18T16:18:43+00:00","description":"All content provided on [https:\/\/sexpositions.club] is for informational purposes only. The owner of this blog makes no representations as to the accuracy...","breadcrumb":{"@id":"https:\/\/sexpositions.club\/es\/para-usuarios\/condiciones-de-uso#breadcrumb"},"inLanguage":"es","potentialAction":[{"@type":"ReadAction","target":["https:\/\/sexpositions.club\/es\/para-usuarios\/condiciones-de-uso"]}]},{"@type":"ImageObject","inLanguage":"es","@id":"https:\/\/sexpositions.club\/es\/para-usuarios\/condiciones-de-uso#primaryimage","url":"https:\/\/sexpositions.club\/es\/wp-content\/uploads\/sites\/2\/2016\/04\/for_users.jpg","contentUrl":"https:\/\/sexpositions.club\/es\/wp-content\/uploads\/sites\/2\/2016\/04\/for_users.jpg","width":625,"height":120},{"@type":"BreadcrumbList","@id":"https:\/\/sexpositions.club\/es\/para-usuarios\/condiciones-de-uso#breadcrumb","itemListElement":[{"@type":"ListItem","position":1,"name":"Para usuarios","item":"https:\/\/sexpositions.club\/es\/para-usuarios"},{"@type":"ListItem","position":2,"name":"Condiciones de uso"}]},{"@type":"WebSite","@id":"https:\/\/sexpositions.club\/es\/#website","url":"https:\/\/sexpositions.club\/es\/","name":"SexPositions.Club (es)","description":"","potentialAction":[{"@type":"SearchAction","target":{"@type":"EntryPoint","urlTemplate":"https:\/\/sexpositions.club\/es\/?s={search_term_string}"},"query-input":{"@type":"PropertyValueSpecification","valueRequired":true,"valueName":"search_term_string"}}],"inLanguage":"es"}]}},"_links":{"self":[{"href":"https:\/\/sexpositions.club\/es\/wp-json\/wp\/v2\/pages\/1402","targetHints":{"allow":["GET"]}}],"collection":[{"href":"https:\/\/sexpositions.club\/es\/wp-json\/wp\/v2\/pages"}],"about":[{"href":"https:\/\/sexpositions.club\/es\/wp-json\/wp\/v2\/types\/page"}],"author":[{"embeddable":true,"href":"https:\/\/sexpositions.club\/es\/wp-json\/wp\/v2\/users\/2"}],"replies":[{"embeddable":true,"href":"https:\/\/sexpositions.club\/es\/wp-json\/wp\/v2\/comments?post=1402"}],"version-history":[{"count":0,"href":"https:\/\/sexpositions.club\/es\/wp-json\/wp\/v2\/pages\/1402\/revisions"}],"up":[{"embeddable":true,"href":"https:\/\/sexpositions.club\/es\/wp-json\/wp\/v2\/pages\/1412"}],"wp:attachment":[{"href":"https:\/\/sexpositions.club\/es\/wp-json\/wp\/v2\/media?parent=1402"}],"curies":[{"name":"wp","href":"https:\/\/api.w.org\/{rel}","templated":true}]}}