{"id":1400,"date":"2016-04-22T10:59:01","date_gmt":"2016-04-22T08:59:01","guid":{"rendered":"http:\/\/sexpositions.club\/es\/?page_id=1400"},"modified":"2021-05-18T18:17:19","modified_gmt":"2021-05-18T16:17:19","slug":"descargo-de-responsabilidad","status":"publish","type":"page","link":"https:\/\/sexpositions.club\/es\/para-usuarios\/descargo-de-responsabilidad","title":{"rendered":"Descargo de responsabilidad"},"content":{"rendered":"<p><span itemprop=\"image\" itemscope itemtype=\"https:\/\/schema.org\/ImageObject\"><img itemprop=\"url image\" loading=\"lazy\" decoding=\"async\" class=\"aligncenter wp-image-1415 size-full\" src=\"https:\/\/sexpositions.club\/es\/wp-content\/uploads\/sites\/2\/2016\/04\/for_users.jpg\" alt=\"Para usuarios Sexpositions.club\" width=\"625\" height=\"120\" srcset=\"https:\/\/sexpositions.club\/es\/wp-content\/uploads\/sites\/2\/2016\/04\/for_users.jpg 625w, https:\/\/sexpositions.club\/es\/wp-content\/uploads\/sites\/2\/2016\/04\/for_users-350x67.jpg 350w, https:\/\/sexpositions.club\/es\/wp-content\/uploads\/sites\/2\/2016\/04\/for_users-150x29.jpg 150w\" sizes=\"auto, (max-width: 625px) 100vw, 625px\" \/><meta itemprop=\"width\" content=\"625\"><meta itemprop=\"height\" content=\"120\"><\/span><\/p>\n<p>https:\/\/sexpositions.club] no representa ni respalda la exactitud o la fiabilidad de la informaci\u00f3n, el contenido o los anuncios incluidos en este sitio web, distribuidos a trav\u00e9s de \u00e9l, o vinculados, descargados o accedidos desde cualquiera de sus servicios, ni la calidad de los productos, la informaci\u00f3n o cualquier otro material que se muestre, compre u obtenga como resultado de un anuncio o de cualquier otra informaci\u00f3n u oferta en o en relaci\u00f3n con los servicios de este sitio web.<\/p>\n<p>Por la presente, el usuario reconoce que la confianza depositada en cualquier material ser\u00e1 por su cuenta y riesgo. [https:\/\/sexpositions.club] se reserva el derecho, a su entera discreci\u00f3n y sin ninguna obligaci\u00f3n, de realizar mejoras o corregir cualquier error u omisi\u00f3n en cualquier parte del servicio o de los materiales.<\/p>\n<p>los servicios y los materiales son proporcionados por [https:\/\/sexpositions.club] \u00abtal cual\u00bb, y [https:\/\/sexpositions.club] renuncia expresamente a cualquier garant\u00eda, expresa o impl\u00edcita, sin limitaci\u00f3n de garant\u00edas de comerciabilidad e idoneidad para un prop\u00f3sito particular, con respecto al servicio o a cualquier material y productos en ning\u00fan caso [https:\/\/sexpositions.club] ser\u00e1 responsable de ning\u00fan da\u00f1o directo, indirecto, incidental, punitivo o consecuente de cualquier tipo que sea con respecto al servicio, los materiales y los productos.<\/p>\n<p>https:\/\/sexpositions.club] respeta los derechos (incluidos los derechos de propiedad intelectual) de los dem\u00e1s y pedimos a nuestros usuarios que hagan lo mismo. [https:\/\/sexpositions.club] podr\u00e1, en las circunstancias apropiadas y a su entera discreci\u00f3n, cancelar las cuentas de los usuarios que infrinjan o violen de alg\u00fan modo dichos derechos de terceros.<\/p>\n<div class=\"post-tags\"><span id=\"tag_cat\">For Users: <a href=\"https:\/\/sexpositions.club\/es\/para-usuarios\/condiciones-de-uso\">Condiciones de uso<\/a> <a href=\"https:\/\/sexpositions.club\/es\/para-usuarios\/politica-de-privacidad\">Pol\u00edtica de privacidad<\/a> <a href=\"https:\/\/sexpositions.club\/es\/para-usuarios\/contacto\">Contacto<\/a><\/span><\/div>\n","protected":false},"excerpt":{"rendered":"<p>https:\/\/sexpositions.club] no representa ni respalda la exactitud o la fiabilidad de la informaci\u00f3n, el contenido o los anuncios incluidos en este sitio web, distribuidos a trav\u00e9s de \u00e9l, o vinculados, descargados o accedidos desde cualquiera de sus servicios, ni la calidad de los productos, la informaci\u00f3n o cualquier otro material que se muestre, compre u [&hellip;]<\/p>\n","protected":false},"author":2,"featured_media":0,"parent":1412,"menu_order":0,"comment_status":"closed","ping_status":"closed","template":"","meta":{"_acf_changed":false,"footnotes":""},"class_list":["post-1400","page","type-page","status-publish",""],"acf":[],"yoast_head":"<!-- This site is optimized with the Yoast SEO plugin v25.4 - https:\/\/yoast.com\/wordpress\/plugins\/seo\/ -->\n<title>Descargo de responsabilidad | Sexpositions.club<\/title>\n<meta name=\"description\" content=\"https:\/\/sexpositions.club] no representa ni respalda la exactitud o la fiabilidad de la informaci\u00f3n, el contenido o los anuncios incluidos en este...\" \/>\n<meta name=\"robots\" content=\"index, follow, max-snippet:-1, max-image-preview:large, max-video-preview:-1\" \/>\n<link rel=\"canonical\" href=\"https:\/\/sexpositions.club\/es\/para-usuarios\/descargo-de-responsabilidad\" \/>\n<meta property=\"og:locale\" content=\"es_ES\" \/>\n<meta property=\"og:type\" content=\"article\" \/>\n<meta property=\"og:title\" content=\"Descargo de responsabilidad | Sexpositions.club\" \/>\n<meta property=\"og:description\" content=\"https:\/\/sexpositions.club] no representa ni respalda la exactitud o la fiabilidad de la informaci\u00f3n, el contenido o los anuncios incluidos en este...\" \/>\n<meta property=\"og:url\" content=\"https:\/\/sexpositions.club\/es\/para-usuarios\/descargo-de-responsabilidad\" \/>\n<meta property=\"og:site_name\" content=\"SexPositions.Club (es)\" \/>\n<meta property=\"article:modified_time\" content=\"2021-05-18T16:17:19+00:00\" \/>\n<meta property=\"og:image\" content=\"https:\/\/sexpositions.club\/es\/wp-content\/uploads\/sites\/2\/2016\/04\/for_users.jpg\" \/>\n<meta name=\"twitter:card\" content=\"summary_large_image\" \/>\n<meta name=\"twitter:label1\" content=\"Tiempo de lectura\" \/>\n\t<meta name=\"twitter:data1\" content=\"2 minutos\" \/>\n<script type=\"application\/ld+json\" class=\"yoast-schema-graph\">{\"@context\":\"https:\/\/schema.org\",\"@graph\":[{\"@type\":\"WebPage\",\"@id\":\"https:\/\/sexpositions.club\/es\/para-usuarios\/descargo-de-responsabilidad\",\"url\":\"https:\/\/sexpositions.club\/es\/para-usuarios\/descargo-de-responsabilidad\",\"name\":\"Descargo de responsabilidad | Sexpositions.club\",\"isPartOf\":{\"@id\":\"https:\/\/sexpositions.club\/es\/#website\"},\"primaryImageOfPage\":{\"@id\":\"https:\/\/sexpositions.club\/es\/para-usuarios\/descargo-de-responsabilidad#primaryimage\"},\"image\":{\"@id\":\"https:\/\/sexpositions.club\/es\/para-usuarios\/descargo-de-responsabilidad#primaryimage\"},\"thumbnailUrl\":\"https:\/\/sexpositions.club\/es\/wp-content\/uploads\/sites\/2\/2016\/04\/for_users.jpg\",\"datePublished\":\"2016-04-22T08:59:01+00:00\",\"dateModified\":\"2021-05-18T16:17:19+00:00\",\"description\":\"https:\/\/sexpositions.club] no representa ni respalda la exactitud o la fiabilidad de la informaci\u00f3n, el contenido o los anuncios incluidos en este...\",\"breadcrumb\":{\"@id\":\"https:\/\/sexpositions.club\/es\/para-usuarios\/descargo-de-responsabilidad#breadcrumb\"},\"inLanguage\":\"es\",\"potentialAction\":[{\"@type\":\"ReadAction\",\"target\":[\"https:\/\/sexpositions.club\/es\/para-usuarios\/descargo-de-responsabilidad\"]}]},{\"@type\":\"ImageObject\",\"inLanguage\":\"es\",\"@id\":\"https:\/\/sexpositions.club\/es\/para-usuarios\/descargo-de-responsabilidad#primaryimage\",\"url\":\"https:\/\/sexpositions.club\/es\/wp-content\/uploads\/sites\/2\/2016\/04\/for_users.jpg\",\"contentUrl\":\"https:\/\/sexpositions.club\/es\/wp-content\/uploads\/sites\/2\/2016\/04\/for_users.jpg\",\"width\":625,\"height\":120},{\"@type\":\"BreadcrumbList\",\"@id\":\"https:\/\/sexpositions.club\/es\/para-usuarios\/descargo-de-responsabilidad#breadcrumb\",\"itemListElement\":[{\"@type\":\"ListItem\",\"position\":1,\"name\":\"Para usuarios\",\"item\":\"https:\/\/sexpositions.club\/es\/para-usuarios\"},{\"@type\":\"ListItem\",\"position\":2,\"name\":\"Descargo de responsabilidad\"}]},{\"@type\":\"WebSite\",\"@id\":\"https:\/\/sexpositions.club\/es\/#website\",\"url\":\"https:\/\/sexpositions.club\/es\/\",\"name\":\"SexPositions.Club (es)\",\"description\":\"\",\"potentialAction\":[{\"@type\":\"SearchAction\",\"target\":{\"@type\":\"EntryPoint\",\"urlTemplate\":\"https:\/\/sexpositions.club\/es\/?s={search_term_string}\"},\"query-input\":{\"@type\":\"PropertyValueSpecification\",\"valueRequired\":true,\"valueName\":\"search_term_string\"}}],\"inLanguage\":\"es\"}]}<\/script>\n<!-- \/ Yoast SEO plugin. -->","yoast_head_json":{"title":"Descargo de responsabilidad | Sexpositions.club","description":"https:\/\/sexpositions.club] no representa ni respalda la exactitud o la fiabilidad de la informaci\u00f3n, el contenido o los anuncios incluidos en este...","robots":{"index":"index","follow":"follow","max-snippet":"max-snippet:-1","max-image-preview":"max-image-preview:large","max-video-preview":"max-video-preview:-1"},"canonical":"https:\/\/sexpositions.club\/es\/para-usuarios\/descargo-de-responsabilidad","og_locale":"es_ES","og_type":"article","og_title":"Descargo de responsabilidad | Sexpositions.club","og_description":"https:\/\/sexpositions.club] no representa ni respalda la exactitud o la fiabilidad de la informaci\u00f3n, el contenido o los anuncios incluidos en este...","og_url":"https:\/\/sexpositions.club\/es\/para-usuarios\/descargo-de-responsabilidad","og_site_name":"SexPositions.Club (es)","article_modified_time":"2021-05-18T16:17:19+00:00","og_image":[{"url":"https:\/\/sexpositions.club\/es\/wp-content\/uploads\/sites\/2\/2016\/04\/for_users.jpg","type":"","width":"","height":""}],"twitter_card":"summary_large_image","twitter_misc":{"Tiempo de lectura":"2 minutos"},"schema":{"@context":"https:\/\/schema.org","@graph":[{"@type":"WebPage","@id":"https:\/\/sexpositions.club\/es\/para-usuarios\/descargo-de-responsabilidad","url":"https:\/\/sexpositions.club\/es\/para-usuarios\/descargo-de-responsabilidad","name":"Descargo de responsabilidad | Sexpositions.club","isPartOf":{"@id":"https:\/\/sexpositions.club\/es\/#website"},"primaryImageOfPage":{"@id":"https:\/\/sexpositions.club\/es\/para-usuarios\/descargo-de-responsabilidad#primaryimage"},"image":{"@id":"https:\/\/sexpositions.club\/es\/para-usuarios\/descargo-de-responsabilidad#primaryimage"},"thumbnailUrl":"https:\/\/sexpositions.club\/es\/wp-content\/uploads\/sites\/2\/2016\/04\/for_users.jpg","datePublished":"2016-04-22T08:59:01+00:00","dateModified":"2021-05-18T16:17:19+00:00","description":"https:\/\/sexpositions.club] no representa ni respalda la exactitud o la fiabilidad de la informaci\u00f3n, el contenido o los anuncios incluidos en este...","breadcrumb":{"@id":"https:\/\/sexpositions.club\/es\/para-usuarios\/descargo-de-responsabilidad#breadcrumb"},"inLanguage":"es","potentialAction":[{"@type":"ReadAction","target":["https:\/\/sexpositions.club\/es\/para-usuarios\/descargo-de-responsabilidad"]}]},{"@type":"ImageObject","inLanguage":"es","@id":"https:\/\/sexpositions.club\/es\/para-usuarios\/descargo-de-responsabilidad#primaryimage","url":"https:\/\/sexpositions.club\/es\/wp-content\/uploads\/sites\/2\/2016\/04\/for_users.jpg","contentUrl":"https:\/\/sexpositions.club\/es\/wp-content\/uploads\/sites\/2\/2016\/04\/for_users.jpg","width":625,"height":120},{"@type":"BreadcrumbList","@id":"https:\/\/sexpositions.club\/es\/para-usuarios\/descargo-de-responsabilidad#breadcrumb","itemListElement":[{"@type":"ListItem","position":1,"name":"Para usuarios","item":"https:\/\/sexpositions.club\/es\/para-usuarios"},{"@type":"ListItem","position":2,"name":"Descargo de responsabilidad"}]},{"@type":"WebSite","@id":"https:\/\/sexpositions.club\/es\/#website","url":"https:\/\/sexpositions.club\/es\/","name":"SexPositions.Club (es)","description":"","potentialAction":[{"@type":"SearchAction","target":{"@type":"EntryPoint","urlTemplate":"https:\/\/sexpositions.club\/es\/?s={search_term_string}"},"query-input":{"@type":"PropertyValueSpecification","valueRequired":true,"valueName":"search_term_string"}}],"inLanguage":"es"}]}},"_links":{"self":[{"href":"https:\/\/sexpositions.club\/es\/wp-json\/wp\/v2\/pages\/1400","targetHints":{"allow":["GET"]}}],"collection":[{"href":"https:\/\/sexpositions.club\/es\/wp-json\/wp\/v2\/pages"}],"about":[{"href":"https:\/\/sexpositions.club\/es\/wp-json\/wp\/v2\/types\/page"}],"author":[{"embeddable":true,"href":"https:\/\/sexpositions.club\/es\/wp-json\/wp\/v2\/users\/2"}],"replies":[{"embeddable":true,"href":"https:\/\/sexpositions.club\/es\/wp-json\/wp\/v2\/comments?post=1400"}],"version-history":[{"count":0,"href":"https:\/\/sexpositions.club\/es\/wp-json\/wp\/v2\/pages\/1400\/revisions"}],"up":[{"embeddable":true,"href":"https:\/\/sexpositions.club\/es\/wp-json\/wp\/v2\/pages\/1412"}],"wp:attachment":[{"href":"https:\/\/sexpositions.club\/es\/wp-json\/wp\/v2\/media?parent=1400"}],"curies":[{"name":"wp","href":"https:\/\/api.w.org\/{rel}","templated":true}]}}